{"id":277846,"date":"2023-04-04T12:06:34","date_gmt":"2023-04-04T12:06:34","guid":{"rendered":"https:\/\/samira-therapies.fr\/?page_id=277846"},"modified":"2023-04-04T12:07:50","modified_gmt":"2023-04-04T12:07:50","slug":"la-naturopathie","status":"publish","type":"page","link":"https:\/\/samira-therapies.fr\/?page_id=277846","title":{"rendered":"La Naturopathie"},"content":{"rendered":"<p>[et_pb_section fb_built=\u00a0\u00bb1&Prime; admin_label=\u00a0\u00bbHeader\u00a0\u00bb _builder_version=\u00a0\u00bb4.20.4&Prime; _module_preset=\u00a0\u00bbdefault\u00a0\u00bb background_color=\u00a0\u00bb#2E5B61&Prime; use_background_color_gradient=\u00a0\u00bbon\u00a0\u00bb background_color_gradient_stops=\u00a0\u00bb#2e5b61 0%|rgba(46,91,97,0) 100%\u00a0\u00bb background_color_gradient_overlays_image=\u00a0\u00bbon\u00a0\u00bb background_image=\u00a0\u00bbhttps:\/\/samira-therapies.fr\/wp-content\/uploads\/2023\/04\/istockphoto-1315042436-612&#215;612-1.jpg\u00a0\u00bb background_position=\u00a0\u00bbtop_center\u00a0\u00bb custom_padding=\u00a0\u00bb||0vw||false|false\u00a0\u00bb hover_enabled=\u00a0\u00bb0&Prime; collapsed=\u00a0\u00bbon\u00a0\u00bb global_colors_info=\u00a0\u00bb{}\u00a0\u00bb theme_builder_area=\u00a0\u00bbpost_content\u00a0\u00bb alt=\u00a0\u00bbnaturopathie Samira th\u00e9rapies\u00a0\u00bb title_text=\u00a0\u00bbistockphoto-1315042436-612&#215;612&Prime; sticky_enabled=\u00a0\u00bb0&Prime;][et_pb_row _builder_version=\u00a0\u00bb4.17.3&Prime; _module_preset=\u00a0\u00bbdefault\u00a0\u00bb background_enable_image=\u00a0\u00bboff\u00a0\u00bb global_colors_info=\u00a0\u00bb{}\u00a0\u00bb theme_builder_area=\u00a0\u00bbpost_content\u00a0\u00bb][et_pb_column type=\u00a0\u00bb4_4&Prime; _builder_version=\u00a0\u00bb4.17.3&Prime; _module_preset=\u00a0\u00bbdefault\u00a0\u00bb global_colors_info=\u00a0\u00bb{}\u00a0\u00bb theme_builder_area=\u00a0\u00bbpost_content\u00a0\u00bb][et_pb_text _builder_version=\u00a0\u00bb4.19.5&Prime; _module_preset=\u00a0\u00bbc16985e1-e0d6-4022-964d-e2bfc04fa633&Prime; header_font=\u00a0\u00bbAboreto|700|||||||\u00a0\u00bb header_text_color=\u00a0\u00bb#E1ECEA\u00a0\u00bb header_font_size=\u00a0\u00bb70px\u00a0\u00bb header_line_height=\u00a0\u00bb1.1em\u00a0\u00bb text_orientation=\u00a0\u00bbcenter\u00a0\u00bb width_tablet=\u00a0\u00bb\u00a0\u00bb width_phone=\u00a0\u00bb\u00a0\u00bb width_last_edited=\u00a0\u00bbon|desktop\u00a0\u00bb module_alignment=\u00a0\u00bbcenter\u00a0\u00bb custom_margin=\u00a0\u00bb||0px||false|false\u00a0\u00bb header_font_size_tablet=\u00a0\u00bb40px\u00a0\u00bb header_font_size_phone=\u00a0\u00bb24px\u00a0\u00bb header_font_size_last_edited=\u00a0\u00bbon|desktop\u00a0\u00bb locked=\u00a0\u00bboff\u00a0\u00bb global_colors_info=\u00a0\u00bb{}\u00a0\u00bb theme_builder_area=\u00a0\u00bbpost_content\u00a0\u00bb]<\/p>\n<h1><span>La naturopathie<\/span><\/h1>\n<p>[\/et_pb_text][et_pb_text _builder_version=\u00a0\u00bb4.19.5&Prime; _module_preset=\u00a0\u00bb1f09816e-184e-4ce5-a4cf-b39c52c423ca\u00a0\u00bb text_font=\u00a0\u00bbAboreto||||||||\u00a0\u00bb text_text_color=\u00a0\u00bb#E1ECEA\u00a0\u00bb text_font_size=\u00a0\u00bb18px\u00a0\u00bb text_line_height=\u00a0\u00bb1.8em\u00a0\u00bb text_orientation=\u00a0\u00bbcenter\u00a0\u00bb width_tablet=\u00a0\u00bb\u00a0\u00bb width_phone=\u00a0\u00bb\u00a0\u00bb width_last_edited=\u00a0\u00bbon|tablet\u00a0\u00bb module_alignment=\u00a0\u00bbcenter\u00a0\u00bb text_font_size_tablet=\u00a0\u00bb16px\u00a0\u00bb text_font_size_phone=\u00a0\u00bb14px\u00a0\u00bb text_font_size_last_edited=\u00a0\u00bbon|tablet\u00a0\u00bb header_font_size_tablet=\u00a0\u00bb55px\u00a0\u00bb header_font_size_last_edited=\u00a0\u00bboff|desktop\u00a0\u00bb locked=\u00a0\u00bboff\u00a0\u00bb global_colors_info=\u00a0\u00bb{}\u00a0\u00bb theme_builder_area=\u00a0\u00bbpost_content\u00a0\u00bb]<\/p>\n<p>Prenez rendez-vous en ligne d\u00e8s maintenant<\/p>\n<p>[\/et_pb_text][et_pb_button button_url=\u00a0\u00bbhttps:\/\/www.resalib.fr\/praticien\/66602-therapie-globale-fasciatherapeute-fouquieres-les-lens\u00a0\u00bb button_text=\u00a0\u00bbPrendre rendez-vous\u00a0\u00bb button_alignment=\u00a0\u00bbcenter\u00a0\u00bb _builder_version=\u00a0\u00bb4.19.5&Prime; _module_preset=\u00a0\u00bbf489fdc3-bf1e-40c7-852b-c42851d4acb9&Prime; custom_button=\u00a0\u00bbon\u00a0\u00bb button_text_size=\u00a0\u00bb14px\u00a0\u00bb button_text_color=\u00a0\u00bb#2E5B61&Prime; button_bg_color=\u00a0\u00bb#FFFFFF\u00a0\u00bb button_border_width=\u00a0\u00bb0px\u00a0\u00bb button_border_radius=\u00a0\u00bb50px\u00a0\u00bb button_font=\u00a0\u00bbAboreto|600|||||||\u00a0\u00bb button_icon=\u00a0\u00bb&#x24;||divi||400&Prime; custom_margin=\u00a0\u00bb6vw||||false|false\u00a0\u00bb custom_padding=\u00a0\u00bb20px|40px|20px|40px|true|true\u00a0\u00bb global_colors_info=\u00a0\u00bb{}\u00a0\u00bb theme_builder_area=\u00a0\u00bbpost_content\u00a0\u00bb][\/et_pb_button][\/et_pb_column][\/et_pb_row][et_pb_row _builder_version=\u00a0\u00bb4.17.3&Prime; _module_preset=\u00a0\u00bbdefault\u00a0\u00bb width=\u00a0\u00bb100%\u00a0\u00bb max_width=\u00a0\u00bbnone\u00a0\u00bb custom_padding=\u00a0\u00bb||0px|||\u00a0\u00bb global_colors_info=\u00a0\u00bb{}\u00a0\u00bb theme_builder_area=\u00a0\u00bbpost_content\u00a0\u00bb][et_pb_column type=\u00a0\u00bb4_4&Prime; _builder_version=\u00a0\u00bb4.17.3&Prime; _module_preset=\u00a0\u00bbdefault\u00a0\u00bb global_colors_info=\u00a0\u00bb{}\u00a0\u00bb theme_builder_area=\u00a0\u00bbpost_content\u00a0\u00bb][et_pb_image src=\u00a0\u00bbhttps:\/\/samira-therapies.fr\/wp-content\/uploads\/2023\/01\/therapy-14.png\u00a0\u00bb title_text=\u00a0\u00bbtherapy 14&Prime; _builder_version=\u00a0\u00bb4.17.3&Prime; _module_preset=\u00a0\u00bbdefault\u00a0\u00bb global_colors_info=\u00a0\u00bb{}\u00a0\u00bb theme_builder_area=\u00a0\u00bbpost_content\u00a0\u00bb][\/et_pb_image][\/et_pb_column][\/et_pb_row][\/et_pb_section][et_pb_section fb_built=\u00a0\u00bb1&Prime; admin_label=\u00a0\u00bbFeature\u00a0\u00bb _builder_version=\u00a0\u00bb4.17.3&Prime; _module_preset=\u00a0\u00bbdefault\u00a0\u00bb custom_margin=\u00a0\u00bb||||false|false\u00a0\u00bb custom_padding=\u00a0\u00bb||||false|false\u00a0\u00bb collapsed=\u00a0\u00bbon\u00a0\u00bb global_colors_info=\u00a0\u00bb{}\u00a0\u00bb theme_builder_area=\u00a0\u00bbpost_content\u00a0\u00bb][et_pb_row column_structure=\u00a0\u00bb2_3,1_3&Prime; _builder_version=\u00a0\u00bb4.17.3&Prime; _module_preset=\u00a0\u00bbdefault\u00a0\u00bb global_colors_info=\u00a0\u00bb{}\u00a0\u00bb theme_builder_area=\u00a0\u00bbpost_content\u00a0\u00bb][et_pb_column type=\u00a0\u00bb2_3&Prime; _builder_version=\u00a0\u00bb4.17.3&Prime; _module_preset=\u00a0\u00bbdefault\u00a0\u00bb custom_padding_tablet=\u00a0\u00bb||30px||false|false\u00a0\u00bb custom_padding_phone=\u00a0\u00bb||30px||false|false\u00a0\u00bb custom_padding_last_edited=\u00a0\u00bbon|tablet\u00a0\u00bb global_colors_info=\u00a0\u00bb{}\u00a0\u00bb theme_builder_area=\u00a0\u00bbpost_content\u00a0\u00bb][et_pb_text _builder_version=\u00a0\u00bb4.19.5&Prime; _module_preset=\u00a0\u00bbb327cbe4-b1d5-4b66-ad37-40c8f2f061ba\u00a0\u00bb header_2_font=\u00a0\u00bbAboreto|700|||||||\u00a0\u00bb header_2_text_color=\u00a0\u00bb#22434A\u00a0\u00bb header_2_font_size=\u00a0\u00bb48px\u00a0\u00bb header_2_line_height=\u00a0\u00bb1.2em\u00a0\u00bb custom_margin=\u00a0\u00bb||0px||false|false\u00a0\u00bb header_2_font_size_tablet=\u00a0\u00bb32px\u00a0\u00bb header_2_font_size_phone=\u00a0\u00bb26px\u00a0\u00bb header_2_font_size_last_edited=\u00a0\u00bbon|tablet\u00a0\u00bb global_colors_info=\u00a0\u00bb{}\u00a0\u00bb theme_builder_area=\u00a0\u00bbpost_content\u00a0\u00bb]<\/p>\n<h2>La naturopathie<\/h2>\n<p>[\/et_pb_text][et_pb_text _builder_version=\u00a0\u00bb4.20.4&Prime; _module_preset=\u00a0\u00bb1f09816e-184e-4ce5-a4cf-b39c52c423ca\u00a0\u00bb text_font=\u00a0\u00bbInter||||||||\u00a0\u00bb text_text_color=\u00a0\u00bb#22434A\u00a0\u00bb text_font_size=\u00a0\u00bb18px\u00a0\u00bb text_line_height=\u00a0\u00bb1.8em\u00a0\u00bb hover_enabled=\u00a0\u00bb0&Prime; text_font_size_tablet=\u00a0\u00bb16px\u00a0\u00bb text_font_size_phone=\u00a0\u00bb14px\u00a0\u00bb text_font_size_last_edited=\u00a0\u00bbon|tablet\u00a0\u00bb header_font_size_tablet=\u00a0\u00bb55px\u00a0\u00bb header_font_size_last_edited=\u00a0\u00bboff|desktop\u00a0\u00bb global_colors_info=\u00a0\u00bb{}\u00a0\u00bb theme_builder_area=\u00a0\u00bbpost_content\u00a0\u00bb sticky_enabled=\u00a0\u00bb0&Prime;]<\/p>\n<p>Depuis le d\u00e9but de l\u2019humanit\u00e9, les humains se sont soign\u00e9s gr\u00e2ce \u00e0 la nature et aux plantes. Mais les praticiens consid\u00e8rent que la naturopathie est une m\u00e9decine ancestrale qui\u00a0puise son origine dans la Gr\u00e8ce antique avec Hippocrate, p\u00e8re de toute la m\u00e9decine traditionnelle occidentale. En Occident, le concept de naturopathie appara\u00eet \u00e0 la fin duXIXe\u00a0si\u00e8cle aux \u00c9tats-Unis, avant de s\u2019\u00e9tendre \u00e0 d\u2019autres pays.<\/p>\n<p>&nbsp;<\/p>\n<p>le terme\u00a0\u00ab\u00a0naturopathie\u00a0\u00bb\u00a0a pour signification\u00ab\u00a0la maladie \u00e9tudi\u00e9e en fonction de la nature\u00a0\u00bb. Il vient du latin\u00a0natura\u00a0et du grec\u00a0pathos.<\/p>\n<p>&nbsp;<\/p>\n<p>La naturopathie est une m\u00e9decine douce\u00a0qui utilise uniquement des moyens naturels pour stimuler les processus d\u2019auto-gu\u00e9rison et renforcer les m\u00e9canismes des d\u00e9fenses immunitaires de l\u2019organisme.<\/p>\n<p>On peut consulter un naturopathe\u00a0\u00e0 tout \u00e2ge,\u00a0en\u00a0pr\u00e9vention\u00a0ou pour\u00a0am\u00e9liorer son hygi\u00e8ne de vie, son bien-\u00eatre physique et\/ou psychique\u00a0ou ses\u00a0probl\u00e8mes de sant\u00e9.<\/p>\n<p>Outre renforcer son\u00a0<a href=\"https:\/\/www.santemagazine.fr\/sante\/dossiers\/physiologie\/le-systeme-immunitaire-mieux-comprendre-son-fonctionnement-866964\" data-saferedirecturl=\"https:\/\/www.google.com\/url?q=https:\/\/www.santemagazine.fr\/sante\/dossiers\/physiologie\/le-systeme-immunitaire-mieux-comprendre-son-fonctionnement-866964&amp;source=gmail&amp;ust=1680695554842000&amp;usg=AOvVaw0ykGFgLGF5QYtuwzZPWIDF\">syst\u00e8me immunitaire<\/a>\u00a0et am\u00e9liorer sa sant\u00e9 de mani\u00e8re g\u00e9n\u00e9rale, peut le consulter dans le but d\u2019am\u00e9liorer sa qualit\u00e9 de vie dans le cadre de certaines\u00a0pathologies chroniques\u00a0(allergies,\u00a0<a href=\"https:\/\/www.santemagazine.fr\/medecines-alternatives\/pratiques-orientales\/yoga\/les-bienfaits-du-yoga-sur-les-troubles-digestifs-279276\" data-saferedirecturl=\"https:\/\/www.google.com\/url?q=https:\/\/www.santemagazine.fr\/medecines-alternatives\/pratiques-orientales\/yoga\/les-bienfaits-du-yoga-sur-les-troubles-digestifs-279276&amp;source=gmail&amp;ust=1680695554842000&amp;usg=AOvVaw29UAENM-ZdO4SnIo9Q8SSr\">troubles digestifs<\/a>, probl\u00e8mes de peau\u2026) ou pour\u00a0accompagner une\u00a0<a href=\"https:\/\/www.santemagazine.fr\/minceur\/coaching-minceur\/conseils-pour-maigrir\/comment-stimuler-la-perte-de-poids-en-dormant-326005\" data-saferedirecturl=\"https:\/\/www.google.com\/url?q=https:\/\/www.santemagazine.fr\/minceur\/coaching-minceur\/conseils-pour-maigrir\/comment-stimuler-la-perte-de-poids-en-dormant-326005&amp;source=gmail&amp;ust=1680695554843000&amp;usg=AOvVaw2uQBzFIOMYfw7gjzGcZ_Lm\">perte de poids<\/a>, un\u00a0<a href=\"https:\/\/www.santemagazine.fr\/sante\/menopause-et-andropause\/3-choses-a-savoir-sur-les-desequilibres-hormonaux-309411\" data-saferedirecturl=\"https:\/\/www.google.com\/url?q=https:\/\/www.santemagazine.fr\/sante\/menopause-et-andropause\/3-choses-a-savoir-sur-les-desequilibres-hormonaux-309411&amp;source=gmail&amp;ust=1680695554843000&amp;usg=AOvVaw3S7U3J9U6kE_tCITP-uLgO\">changement hormonal<\/a>\u00a0(grossesse, m\u00e9nopause, arr\u00eat de la pilule\u2026) ou encore la gestion du stress et de l\u2019anxi\u00e9t\u00e9.<\/p>\n<p>La naturopathie est un\u00a0syst\u00e8me de sant\u00e9 global\u00a0qui comprend un bon nombre de pratiques non conventionnelles, ou alternatives.<\/p>\n<p>[\/et_pb_text][\/et_pb_column][et_pb_column type=\u00a0\u00bb1_3&Prime; _builder_version=\u00a0\u00bb4.17.1&Prime; _module_preset=\u00a0\u00bbdefault\u00a0\u00bb global_colors_info=\u00a0\u00bb{}\u00a0\u00bb theme_builder_area=\u00a0\u00bbpost_content\u00a0\u00bb][et_pb_image src=\u00a0\u00bbhttps:\/\/samira-therapies.fr\/wp-content\/uploads\/2023\/04\/istockphoto-178800509-612&#215;612-1.jpg\u00a0\u00bb alt=\u00a0\u00bbNaturopathie Samira th\u00e9rapies\u00a0\u00bb title_text=\u00a0\u00bbistockphoto-178800509-612&#215;612&Prime; show_bottom_space=\u00a0\u00bboff\u00a0\u00bb align=\u00a0\u00bbcenter\u00a0\u00bb _builder_version=\u00a0\u00bb4.20.4&Prime; _module_preset=\u00a0\u00bbdefault\u00a0\u00bb z_index=\u00a0\u00bb1&Prime; width=\u00a0\u00bb100%\u00a0\u00bb hover_enabled=\u00a0\u00bb0&Prime; border_radii=\u00a0\u00bboff|400px|400px||\u00a0\u00bb locked=\u00a0\u00bboff\u00a0\u00bb global_colors_info=\u00a0\u00bb{}\u00a0\u00bb theme_builder_area=\u00a0\u00bbpost_content\u00a0\u00bb sticky_enabled=\u00a0\u00bb0&Prime;][\/et_pb_image][et_pb_image src=\u00a0\u00bbhttps:\/\/samira-therapies.fr\/wp-content\/uploads\/2023\/01\/therapy-27.png\u00a0\u00bb title_text=\u00a0\u00bbtherapy 27&Prime; align=\u00a0\u00bbright\u00a0\u00bb _builder_version=\u00a0\u00bb4.17.3&Prime; _module_preset=\u00a0\u00bbdefault\u00a0\u00bb positioning=\u00a0\u00bbabsolute\u00a0\u00bb position_origin_a=\u00a0\u00bbtop_right\u00a0\u00bb width=\u00a0\u00bb50%\u00a0\u00bb custom_margin=\u00a0\u00bb||||false|false\u00a0\u00bb global_colors_info=\u00a0\u00bb{}\u00a0\u00bb theme_builder_area=\u00a0\u00bbpost_content\u00a0\u00bb][\/et_pb_image][et_pb_divider show_divider=\u00a0\u00bboff\u00a0\u00bb _builder_version=\u00a0\u00bb4.17.3&Prime; _module_preset=\u00a0\u00bbdefault\u00a0\u00bb background_color=\u00a0\u00bb#2E5B61&Prime; positioning=\u00a0\u00bbabsolute\u00a0\u00bb position_origin_a=\u00a0\u00bbbottom_left\u00a0\u00bb width=\u00a0\u00bb120px\u00a0\u00bb width_tablet=\u00a0\u00bb20vw\u00a0\u00bb width_phone=\u00a0\u00bb20vw\u00a0\u00bb width_last_edited=\u00a0\u00bbon|tablet\u00a0\u00bb height=\u00a0\u00bb120px\u00a0\u00bb height_tablet=\u00a0\u00bb20vw\u00a0\u00bb height_phone=\u00a0\u00bb20vw\u00a0\u00bb height_last_edited=\u00a0\u00bbon|tablet\u00a0\u00bb custom_margin=\u00a0\u00bb||-15%||false|false\u00a0\u00bb custom_margin_tablet=\u00a0\u00bb||-15%||false|false\u00a0\u00bb custom_margin_phone=\u00a0\u00bb||-15%||false|false\u00a0\u00bb custom_margin_last_edited=\u00a0\u00bbon|tablet\u00a0\u00bb border_radii=\u00a0\u00bbon|200px|200px|200px|200px\u00a0\u00bb locked=\u00a0\u00bboff\u00a0\u00bb global_colors_info=\u00a0\u00bb{}\u00a0\u00bb theme_builder_area=\u00a0\u00bbpost_content\u00a0\u00bb][\/et_pb_divider][\/et_pb_column][\/et_pb_row][et_pb_row _builder_version=\u00a0\u00bb4.20.2&Prime; _module_preset=\u00a0\u00bbdefault\u00a0\u00bb global_colors_info=\u00a0\u00bb{}\u00a0\u00bb theme_builder_area=\u00a0\u00bbpost_content\u00a0\u00bb][et_pb_column type=\u00a0\u00bb4_4&Prime; _builder_version=\u00a0\u00bb4.20.2&Prime; _module_preset=\u00a0\u00bbdefault\u00a0\u00bb global_colors_info=\u00a0\u00bb{}\u00a0\u00bb theme_builder_area=\u00a0\u00bbpost_content\u00a0\u00bb][et_pb_divider _builder_version=\u00a0\u00bb4.20.2&Prime; _module_preset=\u00a0\u00bbdefault\u00a0\u00bb global_colors_info=\u00a0\u00bb{}\u00a0\u00bb theme_builder_area=\u00a0\u00bbpost_content\u00a0\u00bb][\/et_pb_divider][\/et_pb_column][\/et_pb_row][\/et_pb_section][et_pb_section fb_built=\u00a0\u00bb1&Prime; _builder_version=\u00a0\u00bb4.19.5&Prime; _module_preset=\u00a0\u00bbdefault\u00a0\u00bb global_colors_info=\u00a0\u00bb{}\u00a0\u00bb theme_builder_area=\u00a0\u00bbpost_content\u00a0\u00bb][et_pb_row _builder_version=\u00a0\u00bb4.19.5&Prime; _module_preset=\u00a0\u00bbdefault\u00a0\u00bb global_colors_info=\u00a0\u00bb{}\u00a0\u00bb theme_builder_area=\u00a0\u00bbpost_content\u00a0\u00bb custom_margin=\u00a0\u00bb|auto|-31px|auto||\u00a0\u00bb][et_pb_column type=\u00a0\u00bb4_4&Prime; _builder_version=\u00a0\u00bb4.19.5&Prime; _module_preset=\u00a0\u00bbdefault\u00a0\u00bb global_colors_info=\u00a0\u00bb{}\u00a0\u00bb theme_builder_area=\u00a0\u00bbpost_content\u00a0\u00bb][et_pb_video src=\u00a0\u00bbhttps:\/\/www.youtube.com\/watch?v=S44NiPxSKOs&#038;ab_channel=FranceBleu\u00a0\u00bb _builder_version=\u00a0\u00bb4.20.4&Prime; _module_preset=\u00a0\u00bbdefault\u00a0\u00bb hover_enabled=\u00a0\u00bb0&Prime; global_colors_info=\u00a0\u00bb{}\u00a0\u00bb theme_builder_area=\u00a0\u00bbpost_content\u00a0\u00bb sticky_enabled=\u00a0\u00bb0&Prime; custom_padding=\u00a0\u00bb||0px|||\u00a0\u00bb][\/et_pb_video][\/et_pb_column][\/et_pb_row][\/et_pb_section]<\/p>\n","protected":false},"excerpt":{"rendered":"<p>La naturopathiePrenez rendez-vous en ligne d\u00e8s maintenantLa naturopathieDepuis le d\u00e9but de l\u2019humanit\u00e9, les humains se sont soign\u00e9s gr\u00e2ce \u00e0 la nature et aux plantes. Mais les praticiens consid\u00e8rent que la naturopathie est une m\u00e9decine ancestrale qui\u00a0puise son origine dans la Gr\u00e8ce antique avec Hippocrate, p\u00e8re de toute la m\u00e9decine traditionnelle occidentale. En Occident, le concept [&hellip;]<\/p>\n","protected":false},"author":1,"featured_media":0,"parent":0,"menu_order":0,"comment_status":"closed","ping_status":"closed","template":"","meta":{"_et_pb_use_builder":"on","_et_pb_old_content":"","_et_gb_content_width":"","footnotes":""},"class_list":["post-277846","page","type-page","status-publish","hentry"],"_links":{"self":[{"href":"https:\/\/samira-therapies.fr\/index.php?rest_route=\/wp\/v2\/pages\/277846","targetHints":{"allow":["GET"]}}],"collection":[{"href":"https:\/\/samira-therapies.fr\/index.php?rest_route=\/wp\/v2\/pages"}],"about":[{"href":"https:\/\/samira-therapies.fr\/index.php?rest_route=\/wp\/v2\/types\/page"}],"author":[{"embeddable":true,"href":"https:\/\/samira-therapies.fr\/index.php?rest_route=\/wp\/v2\/users\/1"}],"replies":[{"embeddable":true,"href":"https:\/\/samira-therapies.fr\/index.php?rest_route=%2Fwp%2Fv2%2Fcomments&post=277846"}],"version-history":[{"count":3,"href":"https:\/\/samira-therapies.fr\/index.php?rest_route=\/wp\/v2\/pages\/277846\/revisions"}],"predecessor-version":[{"id":277852,"href":"https:\/\/samira-therapies.fr\/index.php?rest_route=\/wp\/v2\/pages\/277846\/revisions\/277852"}],"wp:attachment":[{"href":"https:\/\/samira-therapies.fr\/index.php?rest_route=%2Fwp%2Fv2%2Fmedia&parent=277846"}],"curies":[{"name":"wp","href":"https:\/\/api.w.org\/{rel}","templated":true}]}}