{"id":277669,"date":"2023-02-27T11:42:16","date_gmt":"2023-02-27T11:42:16","guid":{"rendered":"https:\/\/samira-therapies.fr\/?page_id=277669"},"modified":"2023-03-24T16:30:17","modified_gmt":"2023-03-24T16:30:17","slug":"la-posturologie","status":"publish","type":"page","link":"https:\/\/samira-therapies.fr\/?page_id=277669","title":{"rendered":"La posturologie"},"content":{"rendered":"<p>[et_pb_section fb_built=\u00a0\u00bb1&Prime; admin_label=\u00a0\u00bbHeader\u00a0\u00bb _builder_version=\u00a0\u00bb4.20.2&Prime; _module_preset=\u00a0\u00bbdefault\u00a0\u00bb background_color=\u00a0\u00bb#2E5B61&Prime; use_background_color_gradient=\u00a0\u00bbon\u00a0\u00bb background_color_gradient_stops=\u00a0\u00bb#2e5b61 0%|rgba(46,91,97,0) 100%\u00a0\u00bb background_color_gradient_overlays_image=\u00a0\u00bbon\u00a0\u00bb background_position=\u00a0\u00bbtop_center\u00a0\u00bb custom_padding=\u00a0\u00bb||0vw||false|false\u00a0\u00bb hover_enabled=\u00a0\u00bb0&Prime; collapsed=\u00a0\u00bbon\u00a0\u00bb global_colors_info=\u00a0\u00bb{}\u00a0\u00bb alt=\u00a0\u00bbImage de posturologie Samira \u00a0\u00bb title_text=\u00a0\u00bbistockphoto-469966818-1024x1024_-_Copie-transformed\u00a0\u00bb background_image=\u00a0\u00bbhttps:\/\/samira-therapies.fr\/wp-content\/uploads\/2023\/03\/istockphoto-469966818-1024x1024_-_Copie-transformed.webp\u00a0\u00bb sticky_enabled=\u00a0\u00bb0&Prime;][et_pb_row _builder_version=\u00a0\u00bb4.17.3&Prime; _module_preset=\u00a0\u00bbdefault\u00a0\u00bb background_enable_image=\u00a0\u00bboff\u00a0\u00bb global_colors_info=\u00a0\u00bb{}\u00a0\u00bb][et_pb_column type=\u00a0\u00bb4_4&Prime; _builder_version=\u00a0\u00bb4.17.3&Prime; _module_preset=\u00a0\u00bbdefault\u00a0\u00bb global_colors_info=\u00a0\u00bb{}\u00a0\u00bb][et_pb_text _builder_version=\u00a0\u00bb4.19.5&Prime; _module_preset=\u00a0\u00bbc16985e1-e0d6-4022-964d-e2bfc04fa633&Prime; header_font=\u00a0\u00bbAboreto|700|||||||\u00a0\u00bb header_text_color=\u00a0\u00bb#E1ECEA\u00a0\u00bb header_font_size=\u00a0\u00bb70px\u00a0\u00bb header_line_height=\u00a0\u00bb1.1em\u00a0\u00bb text_orientation=\u00a0\u00bbcenter\u00a0\u00bb width_tablet=\u00a0\u00bb\u00a0\u00bb width_phone=\u00a0\u00bb\u00a0\u00bb width_last_edited=\u00a0\u00bbon|desktop\u00a0\u00bb module_alignment=\u00a0\u00bbcenter\u00a0\u00bb custom_margin=\u00a0\u00bb||0px||false|false\u00a0\u00bb header_font_size_tablet=\u00a0\u00bb40px\u00a0\u00bb header_font_size_phone=\u00a0\u00bb24px\u00a0\u00bb header_font_size_last_edited=\u00a0\u00bbon|desktop\u00a0\u00bb locked=\u00a0\u00bboff\u00a0\u00bb global_colors_info=\u00a0\u00bb{}\u00a0\u00bb]<\/p>\n<h1><span>La posturologie<\/span><\/h1>\n<p>[\/et_pb_text][et_pb_text _builder_version=\u00a0\u00bb4.19.5&Prime; _module_preset=\u00a0\u00bb1f09816e-184e-4ce5-a4cf-b39c52c423ca\u00a0\u00bb text_font=\u00a0\u00bbAboreto||||||||\u00a0\u00bb text_text_color=\u00a0\u00bb#E1ECEA\u00a0\u00bb text_font_size=\u00a0\u00bb18px\u00a0\u00bb text_line_height=\u00a0\u00bb1.8em\u00a0\u00bb text_orientation=\u00a0\u00bbcenter\u00a0\u00bb width_tablet=\u00a0\u00bb\u00a0\u00bb width_phone=\u00a0\u00bb\u00a0\u00bb width_last_edited=\u00a0\u00bbon|tablet\u00a0\u00bb module_alignment=\u00a0\u00bbcenter\u00a0\u00bb text_font_size_tablet=\u00a0\u00bb16px\u00a0\u00bb text_font_size_phone=\u00a0\u00bb14px\u00a0\u00bb text_font_size_last_edited=\u00a0\u00bbon|tablet\u00a0\u00bb header_font_size_tablet=\u00a0\u00bb55px\u00a0\u00bb header_font_size_last_edited=\u00a0\u00bboff|desktop\u00a0\u00bb locked=\u00a0\u00bboff\u00a0\u00bb global_colors_info=\u00a0\u00bb{}\u00a0\u00bb]<\/p>\n<p>Prenez rendez-vous en ligne d\u00e8s maintenant<\/p>\n<p>[\/et_pb_text][et_pb_button button_url=\u00a0\u00bbhttps:\/\/www.resalib.fr\/praticien\/66602-therapie-globale-fasciatherapeute-fouquieres-les-lens\u00a0\u00bb button_text=\u00a0\u00bbPrendre rendez-vous\u00a0\u00bb button_alignment=\u00a0\u00bbcenter\u00a0\u00bb _builder_version=\u00a0\u00bb4.19.5&Prime; _module_preset=\u00a0\u00bbf489fdc3-bf1e-40c7-852b-c42851d4acb9&Prime; custom_button=\u00a0\u00bbon\u00a0\u00bb button_text_size=\u00a0\u00bb14px\u00a0\u00bb button_text_color=\u00a0\u00bb#2E5B61&Prime; button_bg_color=\u00a0\u00bb#FFFFFF\u00a0\u00bb button_border_width=\u00a0\u00bb0px\u00a0\u00bb button_border_radius=\u00a0\u00bb50px\u00a0\u00bb button_font=\u00a0\u00bbAboreto|600|||||||\u00a0\u00bb button_icon=\u00a0\u00bb&#x24;||divi||400&Prime; custom_margin=\u00a0\u00bb6vw||||false|false\u00a0\u00bb custom_padding=\u00a0\u00bb20px|40px|20px|40px|true|true\u00a0\u00bb global_colors_info=\u00a0\u00bb{}\u00a0\u00bb][\/et_pb_button][\/et_pb_column][\/et_pb_row][et_pb_row _builder_version=\u00a0\u00bb4.17.3&Prime; _module_preset=\u00a0\u00bbdefault\u00a0\u00bb width=\u00a0\u00bb100%\u00a0\u00bb max_width=\u00a0\u00bbnone\u00a0\u00bb custom_padding=\u00a0\u00bb||0px|||\u00a0\u00bb global_colors_info=\u00a0\u00bb{}\u00a0\u00bb][et_pb_column type=\u00a0\u00bb4_4&Prime; _builder_version=\u00a0\u00bb4.17.3&Prime; _module_preset=\u00a0\u00bbdefault\u00a0\u00bb global_colors_info=\u00a0\u00bb{}\u00a0\u00bb][et_pb_image src=\u00a0\u00bbhttps:\/\/samira-therapies.fr\/wp-content\/uploads\/2023\/01\/therapy-14.png\u00a0\u00bb title_text=\u00a0\u00bbtherapy 14&Prime; _builder_version=\u00a0\u00bb4.17.3&Prime; _module_preset=\u00a0\u00bbdefault\u00a0\u00bb global_colors_info=\u00a0\u00bb{}\u00a0\u00bb custom_margin=\u00a0\u00bb||-2px|||\u00a0\u00bb][\/et_pb_image][\/et_pb_column][\/et_pb_row][\/et_pb_section][et_pb_section fb_built=\u00a0\u00bb1&Prime; _builder_version=\u00a0\u00bb4.20.0&Prime; _module_preset=\u00a0\u00bbdefault\u00a0\u00bb global_colors_info=\u00a0\u00bb{}\u00a0\u00bb custom_padding=\u00a0\u00bb43px|||||\u00a0\u00bb][et_pb_row column_structure=\u00a0\u00bb1_5,1_5,1_5,1_5,1_5&Prime; _builder_version=\u00a0\u00bb4.20.0&Prime; _module_preset=\u00a0\u00bbdefault\u00a0\u00bb global_colors_info=\u00a0\u00bb{}\u00a0\u00bb][et_pb_column type=\u00a0\u00bb1_5&Prime; _builder_version=\u00a0\u00bb4.20.0&Prime; _module_preset=\u00a0\u00bbdefault\u00a0\u00bb global_colors_info=\u00a0\u00bb{}\u00a0\u00bb][et_pb_number_counter title=\u00a0\u00bbLe pied adulte comprend 26 os\u00a0\u00bb number=\u00a0\u00bb26&Prime; percent_sign=\u00a0\u00bboff\u00a0\u00bb _builder_version=\u00a0\u00bb4.20.2&Prime; _module_preset=\u00a0\u00bbdefault\u00a0\u00bb title_font=\u00a0\u00bbAboreto||||||||\u00a0\u00bb title_text_color=\u00a0\u00bb#84A59D\u00a0\u00bb title_font_size=\u00a0\u00bb15px\u00a0\u00bb number_text_color=\u00a0\u00bb#F5CAC3&Prime; animation_style=\u00a0\u00bbfade\u00a0\u00bb scroll_vertical_motion_enable=\u00a0\u00bboff\u00a0\u00bb hover_enabled=\u00a0\u00bb0&Prime; border_width_all=\u00a0\u00bb0px\u00a0\u00bb global_colors_info=\u00a0\u00bb{}\u00a0\u00bb sticky_enabled=\u00a0\u00bb0&Prime;][\/et_pb_number_counter][\/et_pb_column][et_pb_column type=\u00a0\u00bb1_5&Prime; _builder_version=\u00a0\u00bb4.20.0&Prime; _module_preset=\u00a0\u00bbdefault\u00a0\u00bb global_colors_info=\u00a0\u00bb{}\u00a0\u00bb][et_pb_text _builder_version=\u00a0\u00bb4.20.2&Prime; _module_preset=\u00a0\u00bbdefault\u00a0\u00bb hover_enabled=\u00a0\u00bb0&Prime; sticky_enabled=\u00a0\u00bb0&Prime;]<\/p>\n<p><span>soit, pour les deux pieds, le quart de ceux composant l&rsquo;ensemble du squelette humain \u2192<\/span><\/p>\n<p>[\/et_pb_text][\/et_pb_column][et_pb_column type=\u00a0\u00bb1_5&Prime; _builder_version=\u00a0\u00bb4.20.0&Prime; _module_preset=\u00a0\u00bbdefault\u00a0\u00bb global_colors_info=\u00a0\u00bb{}\u00a0\u00bb][et_pb_number_counter title=\u00a0\u00bbArticulations\u00a0\u00bb number=\u00a0\u00bb16&Prime; percent_sign=\u00a0\u00bboff\u00a0\u00bb _builder_version=\u00a0\u00bb4.20.2&Prime; _module_preset=\u00a0\u00bbdefault\u00a0\u00bb title_font=\u00a0\u00bbAboreto||||||||\u00a0\u00bb title_text_color=\u00a0\u00bb#84A59D\u00a0\u00bb title_font_size=\u00a0\u00bb15px\u00a0\u00bb number_text_color=\u00a0\u00bb#F5CAC3&Prime; hover_enabled=\u00a0\u00bb0&Prime; border_width_all=\u00a0\u00bb0px\u00a0\u00bb locked=\u00a0\u00bboff\u00a0\u00bb global_colors_info=\u00a0\u00bb{}\u00a0\u00bb sticky_enabled=\u00a0\u00bb0&Prime;][\/et_pb_number_counter][\/et_pb_column][et_pb_column type=\u00a0\u00bb1_5&Prime; _builder_version=\u00a0\u00bb4.20.0&Prime; _module_preset=\u00a0\u00bbdefault\u00a0\u00bb global_colors_info=\u00a0\u00bb{}\u00a0\u00bb][et_pb_number_counter title=\u00a0\u00bbligaments assurant leur protection et limitant la mobilit\u00e9\u00a0\u00bb number=\u00a0\u00bb107&Prime; percent_sign=\u00a0\u00bboff\u00a0\u00bb _builder_version=\u00a0\u00bb4.20.2&Prime; _module_preset=\u00a0\u00bbdefault\u00a0\u00bb title_font=\u00a0\u00bbAboreto||||||||\u00a0\u00bb title_text_color=\u00a0\u00bb#84A59D\u00a0\u00bb title_font_size=\u00a0\u00bb15px\u00a0\u00bb number_text_color=\u00a0\u00bb#F5CAC3&Prime; hover_enabled=\u00a0\u00bb0&Prime; border_width_all=\u00a0\u00bb0px\u00a0\u00bb locked=\u00a0\u00bboff\u00a0\u00bb global_colors_info=\u00a0\u00bb{}\u00a0\u00bb sticky_enabled=\u00a0\u00bb0&Prime;][\/et_pb_number_counter][\/et_pb_column][et_pb_column type=\u00a0\u00bb1_5&Prime; _builder_version=\u00a0\u00bb4.20.0&Prime; _module_preset=\u00a0\u00bbdefault\u00a0\u00bb global_colors_info=\u00a0\u00bb{}\u00a0\u00bb][et_pb_number_counter title=\u00a0\u00bbmuscles qui permettent leur mouvement.\u00a0\u00bb number=\u00a0\u00bb20&Prime; percent_sign=\u00a0\u00bboff\u00a0\u00bb _builder_version=\u00a0\u00bb4.20.2&Prime; _module_preset=\u00a0\u00bbdefault\u00a0\u00bb title_font=\u00a0\u00bbAboreto||||||||\u00a0\u00bb title_text_color=\u00a0\u00bb#84A59D\u00a0\u00bb title_font_size=\u00a0\u00bb15px\u00a0\u00bb number_text_color=\u00a0\u00bb#F5CAC3&Prime; hover_enabled=\u00a0\u00bb0&Prime; border_width_all=\u00a0\u00bb0px\u00a0\u00bb locked=\u00a0\u00bboff\u00a0\u00bb global_colors_info=\u00a0\u00bb{}\u00a0\u00bb sticky_enabled=\u00a0\u00bb0&Prime;][\/et_pb_number_counter][\/et_pb_column][\/et_pb_row][\/et_pb_section][et_pb_section fb_built=\u00a0\u00bb1&Prime; admin_label=\u00a0\u00bbFeature\u00a0\u00bb _builder_version=\u00a0\u00bb4.17.3&Prime; _module_preset=\u00a0\u00bbdefault\u00a0\u00bb custom_margin=\u00a0\u00bb||||false|false\u00a0\u00bb custom_padding=\u00a0\u00bb||5px||false|false\u00a0\u00bb collapsed=\u00a0\u00bbon\u00a0\u00bb global_colors_info=\u00a0\u00bb{}\u00a0\u00bb][et_pb_row column_structure=\u00a0\u00bb3_5,2_5&Prime; _builder_version=\u00a0\u00bb4.17.3&Prime; _module_preset=\u00a0\u00bbdefault\u00a0\u00bb width=\u00a0\u00bb74.5%\u00a0\u00bb global_colors_info=\u00a0\u00bb{}\u00a0\u00bb][et_pb_column type=\u00a0\u00bb3_5&Prime; _builder_version=\u00a0\u00bb4.17.3&Prime; _module_preset=\u00a0\u00bbdefault\u00a0\u00bb custom_padding_tablet=\u00a0\u00bb||30px||false|false\u00a0\u00bb custom_padding_phone=\u00a0\u00bb||30px||false|false\u00a0\u00bb custom_padding_last_edited=\u00a0\u00bbon|tablet\u00a0\u00bb global_colors_info=\u00a0\u00bb{}\u00a0\u00bb][et_pb_text _builder_version=\u00a0\u00bb4.20.0&Prime; _module_preset=\u00a0\u00bbb327cbe4-b1d5-4b66-ad37-40c8f2f061ba\u00a0\u00bb header_2_font=\u00a0\u00bbAboreto|700|||||||\u00a0\u00bb header_2_font_size=\u00a0\u00bb48px\u00a0\u00bb header_2_line_height=\u00a0\u00bb1.2em\u00a0\u00bb custom_margin=\u00a0\u00bb||0px||false|false\u00a0\u00bb header_2_font_size_tablet=\u00a0\u00bb32px\u00a0\u00bb header_2_font_size_phone=\u00a0\u00bb26px\u00a0\u00bb header_2_font_size_last_edited=\u00a0\u00bbon|tablet\u00a0\u00bb global_colors_info=\u00a0\u00bb{}\u00a0\u00bb]<\/p>\n<h2><span>qu\u2019est ce que la posturologie\u00a0?<\/span><\/h2>\n<p>[\/et_pb_text][et_pb_text _builder_version=\u00a0\u00bb4.20.0&Prime; _module_preset=\u00a0\u00bb1f09816e-184e-4ce5-a4cf-b39c52c423ca\u00a0\u00bb text_font=\u00a0\u00bbInter||||||||\u00a0\u00bb text_text_color=\u00a0\u00bb#22434A\u00a0\u00bb text_font_size=\u00a0\u00bb18px\u00a0\u00bb text_line_height=\u00a0\u00bb1.8em\u00a0\u00bb text_font_size_tablet=\u00a0\u00bb16px\u00a0\u00bb text_font_size_phone=\u00a0\u00bb14px\u00a0\u00bb text_font_size_last_edited=\u00a0\u00bbon|tablet\u00a0\u00bb header_font_size_tablet=\u00a0\u00bb55px\u00a0\u00bb header_font_size_last_edited=\u00a0\u00bboff|desktop\u00a0\u00bb global_colors_info=\u00a0\u00bb{}\u00a0\u00bb]<\/p>\n<p>La posturologie est une approche de la m\u00e9decine qui r\u00e9unit un ensemble de sp\u00e9cialistes form\u00e9s \u00e0 la posturologie, dans le but de comprendre, de diagnostiquer et de traiter un ensemble de pathologies de fa\u00e7on collaborative et hi\u00e9rarchis\u00e9e, tout en tenant compte des interactions des diff\u00e9rents syst\u00e8mes qui composent l\u2019individu.<\/p>\n<p>La posturologie \u00e9tudie le corps dans sa globalit\u00e9, chaque muscle, chaque articulation, chaque \u00e9l\u00e9ment\u00a0sensoriel,\u00a0chaque visc\u00e8re\u00a0doit \u00eatre dans les meilleurs dispositions pour fonctionner<\/p>\n<p>Pour se tenir debout, l\u2019\u00eatre humain doit lutter contre la\u00a0gravit\u00e9\u00a0et continuellement rechercher l\u2019\u00e9quilibre. Pour conserver sa verticalit\u00e9, il doit sans cesse adapter son corps \u00e0 son environnement en fonction des signaux ext\u00e9rieurs re\u00e7us par ses capteurs neurosensoriels.<\/p>\n<p>On entend par capteurs neurosensoriels :<\/p>\n<p>Les capteurs c\u00e9phaliques\u00a0qui comprennent :<\/p>\n<ul>\n<li>Les capteurs oculaires (muscles oculomoteurs) et visuels (vision centrale et p\u00e9riph\u00e9rique)<\/li>\n<li>Les capteurs mandibulaires, qui font partie int\u00e9grante d\u2019un syst\u00e8me complexe (stomatognatique) comprenant la sensibilit\u00e9 proprioceptive de la bouche, la d\u00e9glutition et la ventilation<\/li>\n<li>Les capteurs vestibulaires (oreille interne)<\/li>\n<\/ul>\n<p>Les capteurs de support\u00a0qui comprennent :<\/p>\n<ul>\n<li>Les capteurs podaux (plateforme neurosensorielle plantaire et cheville)<\/li>\n<li>Les capteurs articulaires : proprioception (conscience du corps)<\/li>\n<li>Les capteurs cutan\u00e9s<\/li>\n<\/ul>\n<p>[\/et_pb_text][\/et_pb_column][et_pb_column type=\u00a0\u00bb2_5&Prime; _builder_version=\u00a0\u00bb4.17.1&Prime; _module_preset=\u00a0\u00bbdefault\u00a0\u00bb global_colors_info=\u00a0\u00bb{}\u00a0\u00bb][et_pb_image src=\u00a0\u00bbhttps:\/\/samira-therapies.fr\/wp-content\/uploads\/2023\/02\/EEC00AA96E2C4320B4A405DCC2F54240.jpg\u00a0\u00bb alt=\u00a0\u00bbImage posturologie Samira\u00a0\u00bb title_text=\u00a0\u00bbEEC00AA96E2C4320B4A405DCC2F54240&Prime; show_bottom_space=\u00a0\u00bboff\u00a0\u00bb align=\u00a0\u00bbcenter\u00a0\u00bb _builder_version=\u00a0\u00bb4.20.0&Prime; _module_preset=\u00a0\u00bbdefault\u00a0\u00bb z_index=\u00a0\u00bb1&Prime; width=\u00a0\u00bb100%\u00a0\u00bb module_alignment=\u00a0\u00bbcenter\u00a0\u00bb min_height=\u00a0\u00bb259px\u00a0\u00bb custom_margin=\u00a0\u00bb1px||2px|3px||\u00a0\u00bb custom_padding=\u00a0\u00bb|0px|0px|||\u00a0\u00bb border_radii=\u00a0\u00bboff|400px|400px||\u00a0\u00bb locked=\u00a0\u00bboff\u00a0\u00bb global_colors_info=\u00a0\u00bb{}\u00a0\u00bb][\/et_pb_image][et_pb_image src=\u00a0\u00bbhttps:\/\/samira-therapies.fr\/wp-content\/uploads\/2023\/01\/therapy-27.png\u00a0\u00bb title_text=\u00a0\u00bbtherapy 27&Prime; align=\u00a0\u00bbright\u00a0\u00bb _builder_version=\u00a0\u00bb4.17.3&Prime; _module_preset=\u00a0\u00bbdefault\u00a0\u00bb positioning=\u00a0\u00bbabsolute\u00a0\u00bb position_origin_a=\u00a0\u00bbtop_right\u00a0\u00bb width=\u00a0\u00bb50%\u00a0\u00bb custom_margin=\u00a0\u00bb||||false|false\u00a0\u00bb global_colors_info=\u00a0\u00bb{}\u00a0\u00bb][\/et_pb_image][et_pb_divider show_divider=\u00a0\u00bboff\u00a0\u00bb _builder_version=\u00a0\u00bb4.17.3&Prime; _module_preset=\u00a0\u00bbdefault\u00a0\u00bb background_color=\u00a0\u00bb#2E5B61&Prime; positioning=\u00a0\u00bbabsolute\u00a0\u00bb position_origin_a=\u00a0\u00bbbottom_left\u00a0\u00bb width=\u00a0\u00bb120px\u00a0\u00bb width_tablet=\u00a0\u00bb20vw\u00a0\u00bb width_phone=\u00a0\u00bb20vw\u00a0\u00bb width_last_edited=\u00a0\u00bbon|tablet\u00a0\u00bb height=\u00a0\u00bb120px\u00a0\u00bb height_tablet=\u00a0\u00bb20vw\u00a0\u00bb height_phone=\u00a0\u00bb20vw\u00a0\u00bb height_last_edited=\u00a0\u00bbon|tablet\u00a0\u00bb custom_margin=\u00a0\u00bb-15%||-15%||true|false\u00a0\u00bb custom_margin_tablet=\u00a0\u00bb||-15%||false|false\u00a0\u00bb custom_margin_phone=\u00a0\u00bb||-15%||false|false\u00a0\u00bb custom_margin_last_edited=\u00a0\u00bbon|tablet\u00a0\u00bb border_radii=\u00a0\u00bbon|200px|200px|200px|200px\u00a0\u00bb locked=\u00a0\u00bboff\u00a0\u00bb global_colors_info=\u00a0\u00bb{}\u00a0\u00bb][\/et_pb_divider][\/et_pb_column][\/et_pb_row][et_pb_row _builder_version=\u00a0\u00bb4.20.0&Prime; _module_preset=\u00a0\u00bbdefault\u00a0\u00bb global_colors_info=\u00a0\u00bb{}\u00a0\u00bb][et_pb_column type=\u00a0\u00bb4_4&Prime; _builder_version=\u00a0\u00bb4.20.0&Prime; _module_preset=\u00a0\u00bbdefault\u00a0\u00bb global_colors_info=\u00a0\u00bb{}\u00a0\u00bb][et_pb_divider _builder_version=\u00a0\u00bb4.20.0&Prime; _module_preset=\u00a0\u00bbdefault\u00a0\u00bb global_colors_info=\u00a0\u00bb{}\u00a0\u00bb][\/et_pb_divider][\/et_pb_column][\/et_pb_row][\/et_pb_section][et_pb_section fb_built=\u00a0\u00bb1&Prime; admin_label=\u00a0\u00bbFeature\u00a0\u00bb _builder_version=\u00a0\u00bb4.17.3&Prime; _module_preset=\u00a0\u00bbdefault\u00a0\u00bb collapsed=\u00a0\u00bbon\u00a0\u00bb global_colors_info=\u00a0\u00bb{}\u00a0\u00bb][et_pb_row column_structure=\u00a0\u00bb1_2,1_2&Prime; _builder_version=\u00a0\u00bb4.17.3&Prime; _module_preset=\u00a0\u00bbdefault\u00a0\u00bb global_colors_info=\u00a0\u00bb{}\u00a0\u00bb][et_pb_column type=\u00a0\u00bb1_2&Prime; _builder_version=\u00a0\u00bb4.17.3&Prime; _module_preset=\u00a0\u00bbdefault\u00a0\u00bb global_colors_info=\u00a0\u00bb{}\u00a0\u00bb][et_pb_image src=\u00a0\u00bbhttps:\/\/samira-therapies.fr\/wp-content\/uploads\/2023\/02\/istockphoto-860772398-612&#215;612-1.jpg\u00a0\u00bb alt=\u00a0\u00bbImage Fasciath\u00e9rapie \u00a0\u00bb title_text=\u00a0\u00bb3D illustration of Scapula &#8211; Part of Human Skeleton.\u00a0\u00bb _builder_version=\u00a0\u00bb4.19.5&Prime; _module_preset=\u00a0\u00bbdefault\u00a0\u00bb width=\u00a0\u00bb121.5%\u00a0\u00bb custom_margin=\u00a0\u00bb|||-5vw|false|false\u00a0\u00bb custom_padding=\u00a0\u00bb147px|2px||0px||\u00a0\u00bb border_radii=\u00a0\u00bboff||600px||\u00a0\u00bb global_colors_info=\u00a0\u00bb{}\u00a0\u00bb][\/et_pb_image][\/et_pb_column][et_pb_column type=\u00a0\u00bb1_2&Prime; _builder_version=\u00a0\u00bb4.20.0&Prime; _module_preset=\u00a0\u00bbdefault\u00a0\u00bb global_colors_info=\u00a0\u00bb{}\u00a0\u00bb][et_pb_blurb title=\u00a0\u00bbA qui cela s&rsquo;adresse ? \u00a0\u00bb use_icon=\u00a0\u00bbon\u00a0\u00bb font_icon=\u00a0\u00bb&#x74;||divi||400&Prime; icon_color=\u00a0\u00bb#F5CAC3&Prime; _builder_version=\u00a0\u00bb4.20.2&Prime; _module_preset=\u00a0\u00bbdefault\u00a0\u00bb header_font=\u00a0\u00bbAboreto|700|||||||\u00a0\u00bb header_text_align=\u00a0\u00bbcenter\u00a0\u00bb header_text_color=\u00a0\u00bb#F28482&Prime; header_font_size=\u00a0\u00bb24px\u00a0\u00bb body_font=\u00a0\u00bbInter||||||||\u00a0\u00bb body_text_align=\u00a0\u00bbleft\u00a0\u00bb body_text_color=\u00a0\u00bb#000000&Prime; body_font_size=\u00a0\u00bb18px\u00a0\u00bb body_line_height=\u00a0\u00bb1.5em\u00a0\u00bb hover_enabled=\u00a0\u00bb0&Prime; global_colors_info=\u00a0\u00bb{}\u00a0\u00bb sticky_enabled=\u00a0\u00bb0&Prime;]<\/p>\n<p>Il est rarissime de rencontrer un individu ayant un \u00e9quilibre postural parfait. La Posturologie\u00a0concerne donc th\u00e9oriquement tous les individus.<\/p>\n<p>En pratique, certains groupes d\u2019individus sont davantage concern\u00e9s, du moins prioritairement :<\/p>\n<p>&#8211;\u00a0 Les adolescents : que ce soit pour accompagner leur croissance, souvent d\u00e9s\u00e9quilibr\u00e9e, ou l\u2019apprentissage d\u2019une bonne posture, qui les suivra souvent tout au long de leur vie<\/p>\n<p>&#8211;\u00a0 Les adultes- Ayant des probl\u00e8mes de dos &#8211; Ayant des contraintes professionnelles de type \u201c\u00eatre assis toute la journ\u00e9e\u201d ou devant r\u00e9guli\u00e8rement soulever des charges : autrement dit une majorit\u00e9 d\u2019adultes<\/p>\n<p>&#8211;\u00a0 Les femmes enceintes<\/p>\n<p>&#8211;\u00a0 Les seniors<\/p>\n<p>&#8211;\u00a0 Les sportifs qui sont \u00e0 la recherche d\u2019un geste performant<\/p>\n<p>[\/et_pb_blurb][\/et_pb_column][\/et_pb_row][et_pb_row _builder_version=\u00a0\u00bb4.20.0&Prime; _module_preset=\u00a0\u00bbdefault\u00a0\u00bb global_colors_info=\u00a0\u00bb{}\u00a0\u00bb][et_pb_column type=\u00a0\u00bb4_4&Prime; _builder_version=\u00a0\u00bb4.20.0&Prime; _module_preset=\u00a0\u00bbdefault\u00a0\u00bb global_colors_info=\u00a0\u00bb{}\u00a0\u00bb][et_pb_divider _builder_version=\u00a0\u00bb4.20.0&Prime; _module_preset=\u00a0\u00bbdefault\u00a0\u00bb global_colors_info=\u00a0\u00bb{}\u00a0\u00bb][\/et_pb_divider][\/et_pb_column][\/et_pb_row][et_pb_row column_structure=\u00a0\u00bb1_2,1_2&Prime; _builder_version=\u00a0\u00bb4.19.5&Prime; _module_preset=\u00a0\u00bbdefault\u00a0\u00bb global_colors_info=\u00a0\u00bb{}\u00a0\u00bb][et_pb_column type=\u00a0\u00bb1_2&Prime; _builder_version=\u00a0\u00bb4.19.5&Prime; _module_preset=\u00a0\u00bbdefault\u00a0\u00bb global_colors_info=\u00a0\u00bb{}\u00a0\u00bb][et_pb_image src=\u00a0\u00bbhttps:\/\/samira-therapies.fr\/wp-content\/uploads\/2023\/01\/pexels-photo-4506113.jpeg\u00a0\u00bb alt=\u00a0\u00bbImage Samira th\u00e9rapies\u00a0\u00bb title_text=\u00a0\u00bbpexels-photo-4506113&Prime; _builder_version=\u00a0\u00bb4.19.5&Prime; _module_preset=\u00a0\u00bbdefault\u00a0\u00bb min_height=\u00a0\u00bb513.3px\u00a0\u00bb custom_margin=\u00a0\u00bb26px|||||\u00a0\u00bb custom_padding=\u00a0\u00bb|6px|0px|0px||\u00a0\u00bb global_colors_info=\u00a0\u00bb{}\u00a0\u00bb][\/et_pb_image][\/et_pb_column][et_pb_column type=\u00a0\u00bb1_2&Prime; _builder_version=\u00a0\u00bb4.20.0&Prime; _module_preset=\u00a0\u00bbdefault\u00a0\u00bb global_colors_info=\u00a0\u00bb{}\u00a0\u00bb][et_pb_blurb title=\u00a0\u00bbExemple de sympt\u00f4mes \u00a0\u00bb use_icon=\u00a0\u00bbon\u00a0\u00bb font_icon=\u00a0\u00bb&#xf5bb;||fa||900&Prime; icon_color=\u00a0\u00bb#F5CAC3&Prime; _builder_version=\u00a0\u00bb4.20.0&Prime; _module_preset=\u00a0\u00bbdefault\u00a0\u00bb header_font=\u00a0\u00bbAboreto|700|||||||\u00a0\u00bb header_text_align=\u00a0\u00bbcenter\u00a0\u00bb header_text_color=\u00a0\u00bb#F28482&Prime; header_font_size=\u00a0\u00bb22px\u00a0\u00bb body_font=\u00a0\u00bbInter||||||||\u00a0\u00bb body_text_align=\u00a0\u00bbleft\u00a0\u00bb body_text_color=\u00a0\u00bb#000000&Prime; body_font_size=\u00a0\u00bb18px\u00a0\u00bb body_line_height=\u00a0\u00bb1.8em\u00a0\u00bb custom_margin=\u00a0\u00bb|||-5px|false|false\u00a0\u00bb custom_padding=\u00a0\u00bb|0px||||\u00a0\u00bb global_colors_info=\u00a0\u00bb{}\u00a0\u00bb]<\/p>\n<p>Une symptomatologie tr\u00e8s vari\u00e9e est la cons\u00e9quence d\u2019un d\u00e9s\u00e9quilibre postural. Aux fr\u00e9quentes plaintes musculo-squelettiques,( douleurs lombaires, cervicales, migraines)\u00a0peuvent s\u2019ajouter des sympt\u00f4mes de d\u00e9ficit perceptif\u00a0(vertiges, d\u00e9s\u00e9quilibres, maladresse\u2026)\u00a0et des troubles cognitifs\u00a0(difficult\u00e9 de concentration, troubles dyslexiques, fatigue\u2026).<\/p>\n<p>De nombreuses douleurs sont en relation avec un d\u00e9s\u00e9quilibre postural, dont notamment :<\/p>\n<p>&nbsp;<\/p>\n<p>Quelques exemples de motifs de consultation :<\/p>\n<ul>\n<li>entorses \u00e0 r\u00e9p\u00e9tition, fragilit\u00e9 ligamentaire ;<br \/>\u2022 maladie de Morton, n\u00e9vralgie faciale ;<br \/>\u2022 douleurs musculaires et articulaires ;<br \/>\u2022 accidents musculaires chroniques,crampes, d\u00e9chirures musculaires ;<br \/>\u2022 arthrose, tendinites, douleurs aux articulations (\u00e9paules, genoux, chevilles) ;<br \/>\u2022acouph\u00e8nes, fatigue chronique, fibromyalgie, migraine ;stress, anxi\u00e9t\u00e9<br \/>\u2022 dysplasie de la hanche, scoliose, pieds plats, dentition incompl\u00e8te ;trouble du sommeil\u00a0;<br \/>\u2022 perte d\u2019\u00e9quilibre et d\u2019\u00e9nergie,\u00a0vertiges, manque de concentration et de pr\u00e9cision.<\/li>\n<\/ul>\n<p>&nbsp;<\/p>\n<p>Quand nos pieds souffrent, c\u2019est toute la structure du corps qui souffre.<\/p>\n<p>Cette th\u00e9rapie augmentera les capacit\u00e9s de vos muscles essentiels afin que la station debout ou la marche se fassent dans les meilleures conditions en conformit\u00e9 avec un\u00a0bon\u00a0syst\u00e8me de r\u00e9gulation posturale<\/p>\n<p>[\/et_pb_blurb][\/et_pb_column][\/et_pb_row][\/et_pb_section][et_pb_section fb_built=\u00a0\u00bb1&Prime; _builder_version=\u00a0\u00bb4.19.5&Prime; _module_preset=\u00a0\u00bbdefault\u00a0\u00bb global_colors_info=\u00a0\u00bb{}\u00a0\u00bb][et_pb_row _builder_version=\u00a0\u00bb4.19.5&Prime; _module_preset=\u00a0\u00bbdefault\u00a0\u00bb global_colors_info=\u00a0\u00bb{}\u00a0\u00bb][et_pb_column type=\u00a0\u00bb4_4&Prime; _builder_version=\u00a0\u00bb4.19.5&Prime; _module_preset=\u00a0\u00bbdefault\u00a0\u00bb global_colors_info=\u00a0\u00bb{}\u00a0\u00bb][et_pb_video src=\u00a0\u00bbhttps:\/\/www.youtube.com\/watch?v=B2vIzRRSK-o&#038;t=2s&#038;ab_channel=Posturopole\u00a0\u00bb _builder_version=\u00a0\u00bb4.20.0&Prime; _module_preset=\u00a0\u00bbdefault\u00a0\u00bb global_colors_info=\u00a0\u00bb{}\u00a0\u00bb][\/et_pb_video][\/et_pb_column][\/et_pb_row][\/et_pb_section]<\/p>\n","protected":false},"excerpt":{"rendered":"<p>La posturologiePrenez rendez-vous en ligne d\u00e8s maintenantsoit, pour les deux pieds, le quart de ceux composant l&rsquo;ensemble du squelette humain \u2192qu\u2019est ce que la posturologie\u00a0?La posturologie est une approche de la m\u00e9decine qui r\u00e9unit un ensemble de sp\u00e9cialistes form\u00e9s \u00e0 la posturologie, dans le but de comprendre, de diagnostiquer et de traiter un ensemble de [&hellip;]<\/p>\n","protected":false},"author":1,"featured_media":0,"parent":0,"menu_order":0,"comment_status":"closed","ping_status":"closed","template":"","meta":{"_et_pb_use_builder":"on","_et_pb_old_content":"","_et_gb_content_width":"","footnotes":""},"class_list":["post-277669","page","type-page","status-publish","hentry"],"_links":{"self":[{"href":"https:\/\/samira-therapies.fr\/index.php?rest_route=\/wp\/v2\/pages\/277669","targetHints":{"allow":["GET"]}}],"collection":[{"href":"https:\/\/samira-therapies.fr\/index.php?rest_route=\/wp\/v2\/pages"}],"about":[{"href":"https:\/\/samira-therapies.fr\/index.php?rest_route=\/wp\/v2\/types\/page"}],"author":[{"embeddable":true,"href":"https:\/\/samira-therapies.fr\/index.php?rest_route=\/wp\/v2\/users\/1"}],"replies":[{"embeddable":true,"href":"https:\/\/samira-therapies.fr\/index.php?rest_route=%2Fwp%2Fv2%2Fcomments&post=277669"}],"version-history":[{"count":17,"href":"https:\/\/samira-therapies.fr\/index.php?rest_route=\/wp\/v2\/pages\/277669\/revisions"}],"predecessor-version":[{"id":277763,"href":"https:\/\/samira-therapies.fr\/index.php?rest_route=\/wp\/v2\/pages\/277669\/revisions\/277763"}],"wp:attachment":[{"href":"https:\/\/samira-therapies.fr\/index.php?rest_route=%2Fwp%2Fv2%2Fmedia&parent=277669"}],"curies":[{"name":"wp","href":"https:\/\/api.w.org\/{rel}","templated":true}]}}