{"id":277634,"date":"2023-02-20T16:26:28","date_gmt":"2023-02-20T16:26:28","guid":{"rendered":"https:\/\/samira-therapies.fr\/?page_id=277634"},"modified":"2023-04-03T12:59:38","modified_gmt":"2023-04-03T12:59:38","slug":"277634-2","status":"publish","type":"page","link":"https:\/\/samira-therapies.fr\/?page_id=277634","title":{"rendered":"L&rsquo;auriculoth\u00e9rapie"},"content":{"rendered":"<p>[et_pb_section fb_built=\u00a0\u00bb1&Prime; admin_label=\u00a0\u00bbHeader\u00a0\u00bb _builder_version=\u00a0\u00bb4.20.0&Prime; _module_preset=\u00a0\u00bbdefault\u00a0\u00bb background_color=\u00a0\u00bb#2E5B61&Prime; use_background_color_gradient=\u00a0\u00bbon\u00a0\u00bb background_color_gradient_stops=\u00a0\u00bb#2e5b61 0%|rgba(46,91,97,0) 100%\u00a0\u00bb background_color_gradient_overlays_image=\u00a0\u00bbon\u00a0\u00bb background_image=\u00a0\u00bbhttps:\/\/samira-therapies.fr\/wp-content\/uploads\/2023\/02\/istockphoto-1143616498-612&#215;612-1.jpg\u00a0\u00bb background_position=\u00a0\u00bbtop_center\u00a0\u00bb custom_padding=\u00a0\u00bb||0vw||false|false\u00a0\u00bb collapsed=\u00a0\u00bbon\u00a0\u00bb global_colors_info=\u00a0\u00bb{}\u00a0\u00bb][et_pb_row _builder_version=\u00a0\u00bb4.17.3&Prime; _module_preset=\u00a0\u00bbdefault\u00a0\u00bb background_enable_image=\u00a0\u00bboff\u00a0\u00bb global_colors_info=\u00a0\u00bb{}\u00a0\u00bb][et_pb_column type=\u00a0\u00bb4_4&Prime; _builder_version=\u00a0\u00bb4.17.3&Prime; _module_preset=\u00a0\u00bbdefault\u00a0\u00bb global_colors_info=\u00a0\u00bb{}\u00a0\u00bb][et_pb_text _builder_version=\u00a0\u00bb4.19.5&Prime; _module_preset=\u00a0\u00bbc16985e1-e0d6-4022-964d-e2bfc04fa633&Prime; header_font=\u00a0\u00bbAboreto|700|||||||\u00a0\u00bb header_text_color=\u00a0\u00bb#E1ECEA\u00a0\u00bb header_font_size=\u00a0\u00bb70px\u00a0\u00bb header_line_height=\u00a0\u00bb1.1em\u00a0\u00bb text_orientation=\u00a0\u00bbcenter\u00a0\u00bb width_tablet=\u00a0\u00bb\u00a0\u00bb width_phone=\u00a0\u00bb\u00a0\u00bb width_last_edited=\u00a0\u00bbon|desktop\u00a0\u00bb module_alignment=\u00a0\u00bbcenter\u00a0\u00bb custom_margin=\u00a0\u00bb||0px||false|false\u00a0\u00bb header_font_size_tablet=\u00a0\u00bb40px\u00a0\u00bb header_font_size_phone=\u00a0\u00bb24px\u00a0\u00bb header_font_size_last_edited=\u00a0\u00bbon|desktop\u00a0\u00bb locked=\u00a0\u00bboff\u00a0\u00bb global_colors_info=\u00a0\u00bb{}\u00a0\u00bb]<\/p>\n<h1><span>L&rsquo;auriculoth\u00e9rapie<\/span><\/h1>\n<p>[\/et_pb_text][et_pb_text _builder_version=\u00a0\u00bb4.19.5&Prime; _module_preset=\u00a0\u00bb1f09816e-184e-4ce5-a4cf-b39c52c423ca\u00a0\u00bb text_font=\u00a0\u00bbAboreto||||||||\u00a0\u00bb text_text_color=\u00a0\u00bb#E1ECEA\u00a0\u00bb text_font_size=\u00a0\u00bb18px\u00a0\u00bb text_line_height=\u00a0\u00bb1.8em\u00a0\u00bb text_orientation=\u00a0\u00bbcenter\u00a0\u00bb width_tablet=\u00a0\u00bb\u00a0\u00bb width_phone=\u00a0\u00bb\u00a0\u00bb width_last_edited=\u00a0\u00bbon|tablet\u00a0\u00bb module_alignment=\u00a0\u00bbcenter\u00a0\u00bb text_font_size_tablet=\u00a0\u00bb16px\u00a0\u00bb text_font_size_phone=\u00a0\u00bb14px\u00a0\u00bb text_font_size_last_edited=\u00a0\u00bbon|tablet\u00a0\u00bb header_font_size_tablet=\u00a0\u00bb55px\u00a0\u00bb header_font_size_last_edited=\u00a0\u00bboff|desktop\u00a0\u00bb locked=\u00a0\u00bboff\u00a0\u00bb global_colors_info=\u00a0\u00bb{}\u00a0\u00bb]<\/p>\n<p>Prenez rendez-vous en ligne d\u00e8s maintenant<\/p>\n<p>[\/et_pb_text][et_pb_button button_url=\u00a0\u00bbhttps:\/\/www.resalib.fr\/praticien\/66602-therapie-globale-fasciatherapeute-fouquieres-les-lens\u00a0\u00bb button_text=\u00a0\u00bbPrendre rendez-vous\u00a0\u00bb button_alignment=\u00a0\u00bbcenter\u00a0\u00bb _builder_version=\u00a0\u00bb4.19.5&Prime; _module_preset=\u00a0\u00bbf489fdc3-bf1e-40c7-852b-c42851d4acb9&Prime; custom_button=\u00a0\u00bbon\u00a0\u00bb button_text_size=\u00a0\u00bb14px\u00a0\u00bb button_text_color=\u00a0\u00bb#2E5B61&Prime; button_bg_color=\u00a0\u00bb#FFFFFF\u00a0\u00bb button_border_width=\u00a0\u00bb0px\u00a0\u00bb button_border_radius=\u00a0\u00bb50px\u00a0\u00bb button_font=\u00a0\u00bbAboreto|600|||||||\u00a0\u00bb button_icon=\u00a0\u00bb&#x24;||divi||400&Prime; custom_margin=\u00a0\u00bb6vw||||false|false\u00a0\u00bb custom_padding=\u00a0\u00bb20px|40px|20px|40px|true|true\u00a0\u00bb global_colors_info=\u00a0\u00bb{}\u00a0\u00bb][\/et_pb_button][\/et_pb_column][\/et_pb_row][et_pb_row _builder_version=\u00a0\u00bb4.17.3&Prime; _module_preset=\u00a0\u00bbdefault\u00a0\u00bb width=\u00a0\u00bb100%\u00a0\u00bb max_width=\u00a0\u00bbnone\u00a0\u00bb custom_padding=\u00a0\u00bb||0px|||\u00a0\u00bb global_colors_info=\u00a0\u00bb{}\u00a0\u00bb][et_pb_column type=\u00a0\u00bb4_4&Prime; _builder_version=\u00a0\u00bb4.17.3&Prime; _module_preset=\u00a0\u00bbdefault\u00a0\u00bb global_colors_info=\u00a0\u00bb{}\u00a0\u00bb][et_pb_image src=\u00a0\u00bbhttps:\/\/samira-therapies.fr\/wp-content\/uploads\/2023\/01\/therapy-14.png\u00a0\u00bb title_text=\u00a0\u00bbtherapy 14&Prime; _builder_version=\u00a0\u00bb4.17.3&Prime; _module_preset=\u00a0\u00bbdefault\u00a0\u00bb global_colors_info=\u00a0\u00bb{}\u00a0\u00bb][\/et_pb_image][\/et_pb_column][\/et_pb_row][\/et_pb_section][et_pb_section fb_built=\u00a0\u00bb1&Prime; admin_label=\u00a0\u00bbFeature\u00a0\u00bb _builder_version=\u00a0\u00bb4.17.3&Prime; _module_preset=\u00a0\u00bbdefault\u00a0\u00bb custom_margin=\u00a0\u00bb||||false|false\u00a0\u00bb custom_padding=\u00a0\u00bb||||false|false\u00a0\u00bb collapsed=\u00a0\u00bbon\u00a0\u00bb global_colors_info=\u00a0\u00bb{}\u00a0\u00bb][et_pb_row column_structure=\u00a0\u00bb2_3,1_3&Prime; _builder_version=\u00a0\u00bb4.17.3&Prime; _module_preset=\u00a0\u00bbdefault\u00a0\u00bb global_colors_info=\u00a0\u00bb{}\u00a0\u00bb][et_pb_column type=\u00a0\u00bb2_3&Prime; _builder_version=\u00a0\u00bb4.17.3&Prime; _module_preset=\u00a0\u00bbdefault\u00a0\u00bb custom_padding_tablet=\u00a0\u00bb||30px||false|false\u00a0\u00bb custom_padding_phone=\u00a0\u00bb||30px||false|false\u00a0\u00bb custom_padding_last_edited=\u00a0\u00bbon|tablet\u00a0\u00bb global_colors_info=\u00a0\u00bb{}\u00a0\u00bb][et_pb_text _builder_version=\u00a0\u00bb4.19.5&Prime; _module_preset=\u00a0\u00bbb327cbe4-b1d5-4b66-ad37-40c8f2f061ba\u00a0\u00bb header_2_font=\u00a0\u00bbAboreto|700|||||||\u00a0\u00bb header_2_text_color=\u00a0\u00bb#22434A\u00a0\u00bb header_2_font_size=\u00a0\u00bb48px\u00a0\u00bb header_2_line_height=\u00a0\u00bb1.2em\u00a0\u00bb custom_margin=\u00a0\u00bb||0px||false|false\u00a0\u00bb header_2_font_size_tablet=\u00a0\u00bb32px\u00a0\u00bb header_2_font_size_phone=\u00a0\u00bb26px\u00a0\u00bb header_2_font_size_last_edited=\u00a0\u00bbon|tablet\u00a0\u00bb global_colors_info=\u00a0\u00bb{}\u00a0\u00bb]<\/p>\n<h2>l&rsquo;auriculoth\u00e9rapie ?<\/h2>\n<p>[\/et_pb_text][et_pb_text _builder_version=\u00a0\u00bb4.20.0&Prime; _module_preset=\u00a0\u00bb1f09816e-184e-4ce5-a4cf-b39c52c423ca\u00a0\u00bb text_font=\u00a0\u00bbInter||||||||\u00a0\u00bb text_text_color=\u00a0\u00bb#22434A\u00a0\u00bb text_font_size=\u00a0\u00bb18px\u00a0\u00bb text_line_height=\u00a0\u00bb1.8em\u00a0\u00bb text_font_size_tablet=\u00a0\u00bb16px\u00a0\u00bb text_font_size_phone=\u00a0\u00bb14px\u00a0\u00bb text_font_size_last_edited=\u00a0\u00bbon|tablet\u00a0\u00bb header_font_size_tablet=\u00a0\u00bb55px\u00a0\u00bb header_font_size_last_edited=\u00a0\u00bboff|desktop\u00a0\u00bb global_colors_info=\u00a0\u00bb{}\u00a0\u00bb]<\/p>\n<p style=\"font-weight: 400;\">L&rsquo;auriculoth\u00e9rapie est une th\u00e9rapeutique red\u00e9couverte il y a plus de<br \/>cinquante ans par un m\u00e9decin lyonnais, le Dr Paul Nogier.<br \/>Officiellement reconnue par l&rsquo;Organisation mondiale de la sant\u00e9 comme<br \/>une m\u00e9decine traditionnelle, c\u2019est une r\u00e9flexoth\u00e9rapie qui utilise le<br \/>pavillon d\u2019oreille comme clavier th\u00e9rapeutique.<\/p>\n<p style=\"font-weight: 400;\">\n<p style=\"font-weight: 400;\">\n<p style=\"font-weight: 400;\">L\u2019auriculoth\u00e9rapie est<span>\u00a0<\/span><strong>une m\u00e9thode d&rsquo;acupuncture<\/strong><span>\u00a0<\/span>qui consiste \u00e0 stimuler certains points dans l\u2019oreille du patient concern\u00e9 pour r\u00e9gler les probl\u00e8mes. La technique utilise alors des points r\u00e9flexes dans le pavillon de l\u2019oreille afin de faire un d\u00e9pistage pour une correction de divers d\u00e9s\u00e9quilibres. Elle figure parmi les syst\u00e8mes d\u2019acupuncture et d\u2019acupressure.<\/p>\n<p style=\"font-weight: 400;\">\n<p style=\"font-weight: 400;\">Chaque oreille correspond \u00e0 l&rsquo;h\u00e9micorps du m\u00eame c\u00f4t\u00e9 : l&rsquo;oreille gauche<br \/>\u00e0 l\u2019h\u00e9micorps gauche, l\u2019oreille droite \u00e0 l\u2019h\u00e9micorps droit.<br \/>Lorsqu&rsquo;il existe une pathologie p\u00e9riph\u00e9rique, on d\u00e9tecte (\u00e0 l&rsquo;aide d&rsquo;un<br \/>d\u00e9tecteur \u00e9lectrique) un point sensible au niveau du pavillon d\u2019oreille.<\/p>\n<p>[\/et_pb_text][\/et_pb_column][et_pb_column type=\u00a0\u00bb1_3&Prime; _builder_version=\u00a0\u00bb4.17.1&Prime; _module_preset=\u00a0\u00bbdefault\u00a0\u00bb global_colors_info=\u00a0\u00bb{}\u00a0\u00bb][et_pb_image src=\u00a0\u00bbhttps:\/\/samira-therapies.fr\/wp-content\/uploads\/2023\/02\/240_F_405628190_FcZNPoudbsx4JJTEBZn9zmBe09x9lrfr.jpg\u00a0\u00bb alt=\u00a0\u00bbImage Auriculoth\u00e9rapie Samira\u00a0\u00bb title_text=\u00a0\u00bb240_F_405628190_FcZNPoudbsx4JJTEBZn9zmBe09x9lrfr\u00a0\u00bb show_bottom_space=\u00a0\u00bboff\u00a0\u00bb align=\u00a0\u00bbcenter\u00a0\u00bb _builder_version=\u00a0\u00bb4.20.0&Prime; _module_preset=\u00a0\u00bbdefault\u00a0\u00bb z_index=\u00a0\u00bb1&Prime; width=\u00a0\u00bb100%\u00a0\u00bb custom_margin=\u00a0\u00bb|8px|1px|||\u00a0\u00bb border_radii=\u00a0\u00bboff|400px|400px||\u00a0\u00bb locked=\u00a0\u00bboff\u00a0\u00bb global_colors_info=\u00a0\u00bb{}\u00a0\u00bb][\/et_pb_image][et_pb_image src=\u00a0\u00bbhttps:\/\/samira-therapies.fr\/wp-content\/uploads\/2023\/01\/therapy-27.png\u00a0\u00bb title_text=\u00a0\u00bbtherapy 27&Prime; align=\u00a0\u00bbright\u00a0\u00bb _builder_version=\u00a0\u00bb4.17.3&Prime; _module_preset=\u00a0\u00bbdefault\u00a0\u00bb positioning=\u00a0\u00bbabsolute\u00a0\u00bb position_origin_a=\u00a0\u00bbtop_right\u00a0\u00bb width=\u00a0\u00bb50%\u00a0\u00bb custom_margin=\u00a0\u00bb||||false|false\u00a0\u00bb global_colors_info=\u00a0\u00bb{}\u00a0\u00bb][\/et_pb_image][et_pb_divider show_divider=\u00a0\u00bboff\u00a0\u00bb _builder_version=\u00a0\u00bb4.17.3&Prime; _module_preset=\u00a0\u00bbdefault\u00a0\u00bb background_color=\u00a0\u00bb#2E5B61&Prime; positioning=\u00a0\u00bbabsolute\u00a0\u00bb position_origin_a=\u00a0\u00bbbottom_left\u00a0\u00bb width=\u00a0\u00bb120px\u00a0\u00bb width_tablet=\u00a0\u00bb20vw\u00a0\u00bb width_phone=\u00a0\u00bb20vw\u00a0\u00bb width_last_edited=\u00a0\u00bbon|tablet\u00a0\u00bb height=\u00a0\u00bb120px\u00a0\u00bb height_tablet=\u00a0\u00bb20vw\u00a0\u00bb height_phone=\u00a0\u00bb20vw\u00a0\u00bb height_last_edited=\u00a0\u00bbon|tablet\u00a0\u00bb custom_margin=\u00a0\u00bb||-15%||false|false\u00a0\u00bb custom_margin_tablet=\u00a0\u00bb||-15%||false|false\u00a0\u00bb custom_margin_phone=\u00a0\u00bb||-15%||false|false\u00a0\u00bb custom_margin_last_edited=\u00a0\u00bbon|tablet\u00a0\u00bb border_radii=\u00a0\u00bbon|200px|200px|200px|200px\u00a0\u00bb locked=\u00a0\u00bboff\u00a0\u00bb global_colors_info=\u00a0\u00bb{}\u00a0\u00bb][\/et_pb_divider][\/et_pb_column][\/et_pb_row][et_pb_row _builder_version=\u00a0\u00bb4.20.0&Prime; _module_preset=\u00a0\u00bbdefault\u00a0\u00bb global_colors_info=\u00a0\u00bb{}\u00a0\u00bb][et_pb_column type=\u00a0\u00bb4_4&Prime; _builder_version=\u00a0\u00bb4.20.0&Prime; _module_preset=\u00a0\u00bbdefault\u00a0\u00bb global_colors_info=\u00a0\u00bb{}\u00a0\u00bb][et_pb_divider _builder_version=\u00a0\u00bb4.20.0&Prime; _module_preset=\u00a0\u00bbdefault\u00a0\u00bb global_colors_info=\u00a0\u00bb{}\u00a0\u00bb][\/et_pb_divider][\/et_pb_column][\/et_pb_row][\/et_pb_section][et_pb_section fb_built=\u00a0\u00bb1&Prime; admin_label=\u00a0\u00bbFeature\u00a0\u00bb _builder_version=\u00a0\u00bb4.17.3&Prime; _module_preset=\u00a0\u00bbdefault\u00a0\u00bb collapsed=\u00a0\u00bbon\u00a0\u00bb global_colors_info=\u00a0\u00bb{}\u00a0\u00bb][et_pb_row column_structure=\u00a0\u00bb1_2,1_2&Prime; _builder_version=\u00a0\u00bb4.17.3&Prime; _module_preset=\u00a0\u00bbdefault\u00a0\u00bb global_colors_info=\u00a0\u00bb{}\u00a0\u00bb][et_pb_column type=\u00a0\u00bb1_2&Prime; _builder_version=\u00a0\u00bb4.17.3&Prime; _module_preset=\u00a0\u00bbdefault\u00a0\u00bb global_colors_info=\u00a0\u00bb{}\u00a0\u00bb][et_pb_image src=\u00a0\u00bbhttps:\/\/samira-therapies.fr\/wp-content\/uploads\/2023\/02\/istockphoto-1158233393-612&#215;612-1.jpg\u00a0\u00bb alt=\u00a0\u00bbImage Auriculoth\u00e9rapie Samira\u00a0\u00bb title_text=\u00a0\u00bbistockphoto-1158233393-612&#215;612&Prime; _builder_version=\u00a0\u00bb4.20.0&Prime; _module_preset=\u00a0\u00bbdefault\u00a0\u00bb width=\u00a0\u00bb121.5%\u00a0\u00bb custom_margin=\u00a0\u00bb|||-5vw|false|false\u00a0\u00bb custom_padding=\u00a0\u00bb|2px||0px||\u00a0\u00bb border_radii=\u00a0\u00bboff||600px||\u00a0\u00bb global_colors_info=\u00a0\u00bb{}\u00a0\u00bb][\/et_pb_image][\/et_pb_column][et_pb_column type=\u00a0\u00bb1_2&Prime; _builder_version=\u00a0\u00bb4.20.0&Prime; _module_preset=\u00a0\u00bbdefault\u00a0\u00bb global_colors_info=\u00a0\u00bb{}\u00a0\u00bb][et_pb_text _builder_version=\u00a0\u00bb4.20.0&Prime; _module_preset=\u00a0\u00bb1f09816e-184e-4ce5-a4cf-b39c52c423ca\u00a0\u00bb text_font=\u00a0\u00bbInter||||||||\u00a0\u00bb text_text_color=\u00a0\u00bb#22434A\u00a0\u00bb text_font_size=\u00a0\u00bb18px\u00a0\u00bb text_line_height=\u00a0\u00bb1.8em\u00a0\u00bb header_font=\u00a0\u00bbActor||||||||\u00a0\u00bb custom_padding=\u00a0\u00bb0px||||false|false\u00a0\u00bb text_font_size_tablet=\u00a0\u00bb16px\u00a0\u00bb text_font_size_phone=\u00a0\u00bb14px\u00a0\u00bb text_font_size_last_edited=\u00a0\u00bbon|tablet\u00a0\u00bb header_font_size_tablet=\u00a0\u00bb55px\u00a0\u00bb header_font_size_last_edited=\u00a0\u00bboff|desktop\u00a0\u00bb global_colors_info=\u00a0\u00bb{}\u00a0\u00bb]<\/p>\n<p style=\"font-weight: 400;\">La technique d\u2019auriculoth\u00e9rapie peut tout \u00e0 fait \u00eatre appliqu\u00e9e seule ou \u00eatre accompagn\u00e9e par d\u2019autres traitements. Elle assure\u00a0:<\/p>\n<ul style=\"font-weight: 400;\">\n<li><strong>Une r\u00e9duction des douleurs chroniques<\/strong><span>\u00a0<\/span>du corps telles que l\u2019arthrose, la n\u00e9vralgie, la sciatique, les migraines, les maux de genoux et d\u2019\u00e9paules\u00a0; une technique consistant \u00e0 lib\u00e9rer les endorphines qui augmentant la capacit\u00e9 de r\u00e9sister \u00e0 la douleur\u00a0;<\/li>\n<li><strong>Une baisse du stress et de l\u2019anxi\u00e9t\u00e9<\/strong>;<\/li>\n<li><strong>Une am\u00e9lioration des probl\u00e8mes de constipation<\/strong>;<\/li>\n<li><strong>Un excellent sommeil,<span>\u00a0<\/span><\/strong>en augmentant la dur\u00e9e et en am\u00e9liorant la qualit\u00e9\u00a0;<\/li>\n<li><strong>Un traitement pour les<\/strong><span>\u00a0<\/span><strong>d\u00e9pressions<\/strong><span>\u00a0<\/span>de passage ainsi que les addictions au tabac et \u00e0 l\u2019alcool.<\/li>\n<\/ul>\n<p>[\/et_pb_text][\/et_pb_column][\/et_pb_row][\/et_pb_section][et_pb_section fb_built=\u00a0\u00bb1&Prime; _builder_version=\u00a0\u00bb4.20.0&Prime; _module_preset=\u00a0\u00bbdefault\u00a0\u00bb min_height=\u00a0\u00bb181.8px\u00a0\u00bb global_colors_info=\u00a0\u00bb{}\u00a0\u00bb][et_pb_row _builder_version=\u00a0\u00bb4.20.0&Prime; _module_preset=\u00a0\u00bbdefault\u00a0\u00bb min_height=\u00a0\u00bb26.8px\u00a0\u00bb global_colors_info=\u00a0\u00bb{}\u00a0\u00bb][et_pb_column type=\u00a0\u00bb4_4&Prime; _builder_version=\u00a0\u00bb4.20.0&Prime; _module_preset=\u00a0\u00bbdefault\u00a0\u00bb global_colors_info=\u00a0\u00bb{}\u00a0\u00bb][et_pb_divider _builder_version=\u00a0\u00bb4.20.0&Prime; _module_preset=\u00a0\u00bbdefault\u00a0\u00bb global_colors_info=\u00a0\u00bb{}\u00a0\u00bb][\/et_pb_divider][\/et_pb_column][\/et_pb_row][et_pb_row _builder_version=\u00a0\u00bb4.20.2&Prime; _module_preset=\u00a0\u00bbdefault\u00a0\u00bb hover_enabled=\u00a0\u00bb0&Prime; global_colors_info=\u00a0\u00bb{}\u00a0\u00bb sticky_enabled=\u00a0\u00bb0&Prime; locked=\u00a0\u00bboff\u00a0\u00bb][et_pb_column type=\u00a0\u00bb4_4&Prime; _builder_version=\u00a0\u00bb4.20.2&Prime; _module_preset=\u00a0\u00bbdefault\u00a0\u00bb global_colors_info=\u00a0\u00bb{}\u00a0\u00bb][et_pb_blurb title=\u00a0\u00bbSevrage Tabagique\u00a0\u00bb image=\u00a0\u00bbhttps:\/\/samira-therapies.fr\/wp-content\/uploads\/2023\/03\/9E809F88C64843F0810DB1ECE6289E80.jpg\u00a0\u00bb alt=\u00a0\u00bbTexte arret du tabac par sevrage\u00a0\u00bb module_class=\u00a0\u00bbtexte-cache\u00a0\u00bb _builder_version=\u00a0\u00bb4.20.2&Prime; _module_preset=\u00a0\u00bbdefault\u00a0\u00bb header_font=\u00a0\u00bbAboreto|700|||||||\u00a0\u00bb header_text_align=\u00a0\u00bbcenter\u00a0\u00bb header_text_color=\u00a0\u00bb#000000&Prime; header_font_size=\u00a0\u00bb27px\u00a0\u00bb body_font=\u00a0\u00bbInter||||||||\u00a0\u00bb body_font_size=\u00a0\u00bb18px\u00a0\u00bb global_colors_info=\u00a0\u00bb{}\u00a0\u00bb]<\/p>\n<div>\n<p class=\"m_2454648855472288412paragraph\"><span class=\"m_2454648855472288412normaltextrun\"><b>L&rsquo;auriculoth\u00e9rapie est une r\u00e9flexoth\u00e9rapie qui utilise la stimulation des points au niveau du pavillon auriculaire<span>\u00a0<\/span><\/b>. Gr\u00e2ce \u00e0 cette m\u00e9thode l&rsquo;endorphine remplace la nicotine. Elle est totalement indolore et totalement inoffensive.<\/span><span class=\"m_2454648855472288412eop\">\u00a0<\/span><u><\/u><u><\/u><\/p>\n<\/div>\n<div>\n<p class=\"m_2454648855472288412paragraph\"><span class=\"m_2454648855472288412normaltextrun\">Comme toute drogue le tabac cr\u00e9e au niveau du cerveau un \u00ab\u00a0circuit de r\u00e9compense\u00a0\u00bb : Il existe une d\u00e9pendance physique et psychologique au<b><span>\u00a0<\/span><\/b>tabac. La d\u00e9pendance psychologique est due \u00e0 un conditionnement c\u00e9r\u00e9bral alors que la d\u00e9pendance physique est li\u00e9e \u00e0 la nicotine.<\/span><span class=\"m_2454648855472288412eop\">\u00a0<\/span><u><\/u><u><\/u><\/p>\n<\/div>\n<div>\n<p class=\"m_2454648855472288412paragraph\"><span class=\"m_2454648855472288412normaltextrun\">L&rsquo;auriculoth\u00e9rapie permet donc de diminuer la sensation de manque et peut m\u00eame provoquer un d\u00e9go\u00fbt de la cigarette.\u00a0\u00a0<\/span><span class=\"m_2454648855472288412eop\">\u00a0<\/span><u><\/u><u><\/u><\/p>\n<\/div>\n<div>\n<p class=\"m_2454648855472288412paragraph\"><span class=\"m_2454648855472288412normaltextrun\">En r\u00e9alit\u00e9, vous devez savoir que lorsque vous fumez, la nicotine pr\u00e9sente dans la cigarette agit sur des r\u00e9cepteurs sp\u00e9cifiques du cerveau afin de cr\u00e9er une d\u00e9pendance au tabac. Avec l\u2019auriculoth\u00e9rapie, la stimulation qui a \u00e9t\u00e9 faite au niveau du pavillon de votre oreille rend les r\u00e9cepteurs nerveux du cerveau inactifs.<\/span><span class=\"m_2454648855472288412eop\">\u00a0<\/span><u><\/u><u><\/u><\/p>\n<\/div>\n<div>\n<p class=\"m_2454648855472288412paragraph\"><span class=\"m_2454648855472288412normaltextrun\">L\u2019auriculoth\u00e9rapie est reconnue scientifiquement\u00a0comme une pratique susceptible de lutter contre l\u2019addiction au tabac.\u00a0Cependant, pour optimiser les prouesses de cette m\u00e9thode de soins, vous devez prendre personnellement l\u2019initiative de renoncer au tabac.\u00a0Si vous respectez cette r\u00e8gle, il est possible que vous soyez au bout de trois mois enti\u00e8rement sevr\u00e9.<\/span><span class=\"m_2454648855472288412eop\">\u00a0<\/span><\/p>\n<\/div>\n<p>[\/et_pb_blurb][et_pb_button button_text=\u00a0\u00bbLire plus\u00a0\u00bb button_alignment=\u00a0\u00bbcenter\u00a0\u00bb module_class=\u00a0\u00bbbouton-ouverture\u00a0\u00bb _builder_version=\u00a0\u00bb4.20.2&Prime; _module_preset=\u00a0\u00bbdefault\u00a0\u00bb custom_button=\u00a0\u00bbon\u00a0\u00bb button_text_size=\u00a0\u00bb14px\u00a0\u00bb button_text_color=\u00a0\u00bb#2E5B61&Prime; button_bg_color=\u00a0\u00bbRGBA(255,255,255,0)\u00a0\u00bb button_border_width=\u00a0\u00bb1px\u00a0\u00bb button_border_color=\u00a0\u00bb#2E5B61&Prime; button_border_radius=\u00a0\u00bb50px\u00a0\u00bb button_font=\u00a0\u00bbInter|600|||||||\u00a0\u00bb custom_padding=\u00a0\u00bb20px|40px|20px|40px|true|true\u00a0\u00bb custom_css_main_element=\u00a0\u00bbcursor: pointer;\u00a0\u00bb global_colors_info=\u00a0\u00bb{}\u00a0\u00bb][\/et_pb_button][et_pb_code _builder_version=\u00a0\u00bb4.20.2&Prime; _module_preset=\u00a0\u00bbdefault\u00a0\u00bb global_colors_info=\u00a0\u00bb{}\u00a0\u00bb]<script><!-- [et_pb_line_break_holder] -->jQuery(document).ready(function ($) {<!-- [et_pb_line_break_holder] -->  $(\"a.bouton-ouverture\").removeAttr(\"href\"); \/\/ On supprime le lien de notre bouton <!-- [et_pb_line_break_holder] -->\t<!-- [et_pb_line_break_holder] -->  $('.bouton-ouverture').on('click', function(){ \/\/ lorsqu'on clique sur le bouton<!-- [et_pb_line_break_holder] -->  $('.texte-cache').toggleClass('ouvert'); \/\/ On ajoute ou retire la classe CSS \"ouvert\"<!-- [et_pb_line_break_holder] -->  <!-- [et_pb_line_break_holder] -->  if ($('.texte-cache').hasClass('ouvert')) { \/\/ Si le module texte a la classe \"ouvert\"<!-- [et_pb_line_break_holder] -->    $('.bouton-ouverture').html('LIRE MOINS'); \/\/ On affiche LIRE MOINS sur le bouton<!-- [et_pb_line_break_holder] -->  } else {<!-- [et_pb_line_break_holder] -->    $('.bouton-ouverture').html('LIRE PLUS'); \/\/ Sinon on affiche LIRE PLUS<!-- [et_pb_line_break_holder] -->  }<!-- [et_pb_line_break_holder] -->\t});<!-- [et_pb_line_break_holder] -->});<!-- [et_pb_line_break_holder] --><\/script>[\/et_pb_code][\/et_pb_column][\/et_pb_row][\/et_pb_section][et_pb_section fb_built=\u00a0\u00bb1&Prime; _builder_version=\u00a0\u00bb4.19.5&Prime; _module_preset=\u00a0\u00bbdefault\u00a0\u00bb global_colors_info=\u00a0\u00bb{}\u00a0\u00bb][et_pb_row _builder_version=\u00a0\u00bb4.19.5&Prime; _module_preset=\u00a0\u00bbdefault\u00a0\u00bb global_colors_info=\u00a0\u00bb{}\u00a0\u00bb][et_pb_column type=\u00a0\u00bb4_4&Prime; _builder_version=\u00a0\u00bb4.19.5&Prime; _module_preset=\u00a0\u00bbdefault\u00a0\u00bb global_colors_info=\u00a0\u00bb{}\u00a0\u00bb][et_pb_video src=\u00a0\u00bbhttps:\/\/www.youtube.com\/watch?v=DHGr70VaTLU&#038;t=1s&#038;ab_channel=AcuSeminars\u00a0\u00bb _builder_version=\u00a0\u00bb4.20.0&Prime; _module_preset=\u00a0\u00bbdefault\u00a0\u00bb global_colors_info=\u00a0\u00bb{}\u00a0\u00bb][\/et_pb_video][\/et_pb_column][\/et_pb_row][\/et_pb_section]<\/p>\n","protected":false},"excerpt":{"rendered":"<p>L&rsquo;auriculoth\u00e9rapiePrenez rendez-vous en ligne d\u00e8s maintenantl&rsquo;auriculoth\u00e9rapie ?L&rsquo;auriculoth\u00e9rapie est une th\u00e9rapeutique red\u00e9couverte il y a plus decinquante ans par un m\u00e9decin lyonnais, le Dr Paul Nogier.Officiellement reconnue par l&rsquo;Organisation mondiale de la sant\u00e9 commeune m\u00e9decine traditionnelle, c\u2019est une r\u00e9flexoth\u00e9rapie qui utilise lepavillon d\u2019oreille comme clavier th\u00e9rapeutique. L\u2019auriculoth\u00e9rapie est\u00a0une m\u00e9thode d&rsquo;acupuncture\u00a0qui consiste \u00e0 stimuler certains points dans [&hellip;]<\/p>\n","protected":false},"author":1,"featured_media":0,"parent":0,"menu_order":0,"comment_status":"closed","ping_status":"closed","template":"","meta":{"_et_pb_use_builder":"on","_et_pb_old_content":"","_et_gb_content_width":"","footnotes":""},"class_list":["post-277634","page","type-page","status-publish","hentry"],"_links":{"self":[{"href":"https:\/\/samira-therapies.fr\/index.php?rest_route=\/wp\/v2\/pages\/277634","targetHints":{"allow":["GET"]}}],"collection":[{"href":"https:\/\/samira-therapies.fr\/index.php?rest_route=\/wp\/v2\/pages"}],"about":[{"href":"https:\/\/samira-therapies.fr\/index.php?rest_route=\/wp\/v2\/types\/page"}],"author":[{"embeddable":true,"href":"https:\/\/samira-therapies.fr\/index.php?rest_route=\/wp\/v2\/users\/1"}],"replies":[{"embeddable":true,"href":"https:\/\/samira-therapies.fr\/index.php?rest_route=%2Fwp%2Fv2%2Fcomments&post=277634"}],"version-history":[{"count":8,"href":"https:\/\/samira-therapies.fr\/index.php?rest_route=\/wp\/v2\/pages\/277634\/revisions"}],"predecessor-version":[{"id":277834,"href":"https:\/\/samira-therapies.fr\/index.php?rest_route=\/wp\/v2\/pages\/277634\/revisions\/277834"}],"wp:attachment":[{"href":"https:\/\/samira-therapies.fr\/index.php?rest_route=%2Fwp%2Fv2%2Fmedia&parent=277634"}],"curies":[{"name":"wp","href":"https:\/\/api.w.org\/{rel}","templated":true}]}}