{"id":277586,"date":"2023-02-06T10:16:03","date_gmt":"2023-02-06T10:16:03","guid":{"rendered":"https:\/\/samira-therapies.fr\/?page_id=277586"},"modified":"2023-03-24T16:45:14","modified_gmt":"2023-03-24T16:45:14","slug":"fasciatherapie","status":"publish","type":"page","link":"https:\/\/samira-therapies.fr\/?page_id=277586","title":{"rendered":"Fasciath\u00e9rapie"},"content":{"rendered":"<p>[et_pb_section fb_built=\u00a0\u00bb1&Prime; admin_label=\u00a0\u00bbHeader\u00a0\u00bb _builder_version=\u00a0\u00bb4.19.5&Prime; _module_preset=\u00a0\u00bbdefault\u00a0\u00bb background_color=\u00a0\u00bb#2E5B61&Prime; use_background_color_gradient=\u00a0\u00bbon\u00a0\u00bb background_color_gradient_stops=\u00a0\u00bb#2e5b61 25%|rgba(46,91,97,0) 100%\u00a0\u00bb background_color_gradient_overlays_image=\u00a0\u00bbon\u00a0\u00bb background_image=\u00a0\u00bbhttps:\/\/samira-therapies.fr\/wp-content\/uploads\/2023\/01\/istockphoto-1143594169-612&#215;612-1.jpg\u00a0\u00bb background_position=\u00a0\u00bbtop_center\u00a0\u00bb custom_padding=\u00a0\u00bb||0vw||false|false\u00a0\u00bb collapsed=\u00a0\u00bbon\u00a0\u00bb global_colors_info=\u00a0\u00bb{}\u00a0\u00bb][et_pb_row _builder_version=\u00a0\u00bb4.17.3&Prime; _module_preset=\u00a0\u00bbdefault\u00a0\u00bb background_enable_image=\u00a0\u00bboff\u00a0\u00bb global_colors_info=\u00a0\u00bb{}\u00a0\u00bb][et_pb_column type=\u00a0\u00bb4_4&Prime; _builder_version=\u00a0\u00bb4.17.3&Prime; _module_preset=\u00a0\u00bbdefault\u00a0\u00bb global_colors_info=\u00a0\u00bb{}\u00a0\u00bb][et_pb_text _builder_version=\u00a0\u00bb4.19.5&Prime; _module_preset=\u00a0\u00bbc16985e1-e0d6-4022-964d-e2bfc04fa633&Prime; header_font=\u00a0\u00bbAboreto|700|||||||\u00a0\u00bb header_text_color=\u00a0\u00bb#E1ECEA\u00a0\u00bb header_font_size=\u00a0\u00bb70px\u00a0\u00bb header_line_height=\u00a0\u00bb1.1em\u00a0\u00bb text_orientation=\u00a0\u00bbcenter\u00a0\u00bb width_tablet=\u00a0\u00bb\u00a0\u00bb width_phone=\u00a0\u00bb\u00a0\u00bb width_last_edited=\u00a0\u00bbon|desktop\u00a0\u00bb module_alignment=\u00a0\u00bbcenter\u00a0\u00bb custom_margin=\u00a0\u00bb||0px||false|false\u00a0\u00bb header_font_size_tablet=\u00a0\u00bb40px\u00a0\u00bb header_font_size_phone=\u00a0\u00bb24px\u00a0\u00bb header_font_size_last_edited=\u00a0\u00bbon|desktop\u00a0\u00bb locked=\u00a0\u00bboff\u00a0\u00bb global_colors_info=\u00a0\u00bb{}\u00a0\u00bb]<\/p>\n<h1><span>La Fasciath\u00e9rapie<\/span><\/h1>\n<p>[\/et_pb_text][et_pb_text _builder_version=\u00a0\u00bb4.19.5&Prime; _module_preset=\u00a0\u00bb1f09816e-184e-4ce5-a4cf-b39c52c423ca\u00a0\u00bb text_font=\u00a0\u00bbAboreto||||||||\u00a0\u00bb text_text_color=\u00a0\u00bb#E1ECEA\u00a0\u00bb text_font_size=\u00a0\u00bb18px\u00a0\u00bb text_line_height=\u00a0\u00bb1.8em\u00a0\u00bb text_orientation=\u00a0\u00bbcenter\u00a0\u00bb width_tablet=\u00a0\u00bb\u00a0\u00bb width_phone=\u00a0\u00bb\u00a0\u00bb width_last_edited=\u00a0\u00bbon|tablet\u00a0\u00bb module_alignment=\u00a0\u00bbcenter\u00a0\u00bb text_font_size_tablet=\u00a0\u00bb16px\u00a0\u00bb text_font_size_phone=\u00a0\u00bb14px\u00a0\u00bb text_font_size_last_edited=\u00a0\u00bbon|tablet\u00a0\u00bb header_font_size_tablet=\u00a0\u00bb55px\u00a0\u00bb header_font_size_last_edited=\u00a0\u00bboff|desktop\u00a0\u00bb locked=\u00a0\u00bboff\u00a0\u00bb global_colors_info=\u00a0\u00bb{}\u00a0\u00bb]<\/p>\n<p>Prenez rendez-vous en ligne d\u00e8s maintenant<\/p>\n<p>[\/et_pb_text][et_pb_button button_url=\u00a0\u00bbhttps:\/\/www.resalib.fr\/praticien\/66602-therapie-globale-fasciatherapeute-fouquieres-les-lens\u00a0\u00bb button_text=\u00a0\u00bbPrendre rendez-vous\u00a0\u00bb button_alignment=\u00a0\u00bbcenter\u00a0\u00bb _builder_version=\u00a0\u00bb4.19.5&Prime; _module_preset=\u00a0\u00bbf489fdc3-bf1e-40c7-852b-c42851d4acb9&Prime; custom_button=\u00a0\u00bbon\u00a0\u00bb button_text_size=\u00a0\u00bb14px\u00a0\u00bb button_text_color=\u00a0\u00bb#2E5B61&Prime; button_bg_color=\u00a0\u00bb#FFFFFF\u00a0\u00bb button_border_width=\u00a0\u00bb0px\u00a0\u00bb button_border_radius=\u00a0\u00bb50px\u00a0\u00bb button_font=\u00a0\u00bbAboreto|600|||||||\u00a0\u00bb button_icon=\u00a0\u00bb&#x24;||divi||400&Prime; custom_margin=\u00a0\u00bb6vw||||false|false\u00a0\u00bb custom_padding=\u00a0\u00bb20px|40px|20px|40px|true|true\u00a0\u00bb global_colors_info=\u00a0\u00bb{}\u00a0\u00bb][\/et_pb_button][\/et_pb_column][\/et_pb_row][et_pb_row _builder_version=\u00a0\u00bb4.17.3&Prime; _module_preset=\u00a0\u00bbdefault\u00a0\u00bb width=\u00a0\u00bb100%\u00a0\u00bb max_width=\u00a0\u00bbnone\u00a0\u00bb custom_padding=\u00a0\u00bb||0px|||\u00a0\u00bb global_colors_info=\u00a0\u00bb{}\u00a0\u00bb][et_pb_column type=\u00a0\u00bb4_4&Prime; _builder_version=\u00a0\u00bb4.17.3&Prime; _module_preset=\u00a0\u00bbdefault\u00a0\u00bb global_colors_info=\u00a0\u00bb{}\u00a0\u00bb][et_pb_image src=\u00a0\u00bbhttps:\/\/samira-therapies.fr\/wp-content\/uploads\/2023\/01\/therapy-14.png\u00a0\u00bb title_text=\u00a0\u00bbtherapy 14&Prime; _builder_version=\u00a0\u00bb4.17.3&Prime; _module_preset=\u00a0\u00bbdefault\u00a0\u00bb global_colors_info=\u00a0\u00bb{}\u00a0\u00bb][\/et_pb_image][\/et_pb_column][\/et_pb_row][\/et_pb_section][et_pb_section fb_built=\u00a0\u00bb1&Prime; admin_label=\u00a0\u00bbFeature\u00a0\u00bb _builder_version=\u00a0\u00bb4.17.3&Prime; _module_preset=\u00a0\u00bbdefault\u00a0\u00bb custom_margin=\u00a0\u00bb||||false|false\u00a0\u00bb custom_padding=\u00a0\u00bb||||false|false\u00a0\u00bb collapsed=\u00a0\u00bbon\u00a0\u00bb global_colors_info=\u00a0\u00bb{}\u00a0\u00bb][et_pb_row column_structure=\u00a0\u00bb2_3,1_3&Prime; _builder_version=\u00a0\u00bb4.17.3&Prime; _module_preset=\u00a0\u00bbdefault\u00a0\u00bb global_colors_info=\u00a0\u00bb{}\u00a0\u00bb][et_pb_column type=\u00a0\u00bb2_3&Prime; _builder_version=\u00a0\u00bb4.17.3&Prime; _module_preset=\u00a0\u00bbdefault\u00a0\u00bb custom_padding_tablet=\u00a0\u00bb||30px||false|false\u00a0\u00bb custom_padding_phone=\u00a0\u00bb||30px||false|false\u00a0\u00bb custom_padding_last_edited=\u00a0\u00bbon|tablet\u00a0\u00bb global_colors_info=\u00a0\u00bb{}\u00a0\u00bb][et_pb_text _builder_version=\u00a0\u00bb4.19.5&Prime; _module_preset=\u00a0\u00bbb327cbe4-b1d5-4b66-ad37-40c8f2f061ba\u00a0\u00bb header_2_font=\u00a0\u00bbAboreto|700|||||||\u00a0\u00bb header_2_text_color=\u00a0\u00bb#22434A\u00a0\u00bb header_2_font_size=\u00a0\u00bb48px\u00a0\u00bb header_2_line_height=\u00a0\u00bb1.2em\u00a0\u00bb custom_margin=\u00a0\u00bb||0px||false|false\u00a0\u00bb header_2_font_size_tablet=\u00a0\u00bb32px\u00a0\u00bb header_2_font_size_phone=\u00a0\u00bb26px\u00a0\u00bb header_2_font_size_last_edited=\u00a0\u00bbon|tablet\u00a0\u00bb global_colors_info=\u00a0\u00bb{}\u00a0\u00bb]<\/p>\n<h2>Les Fascias ?<\/h2>\n<p>[\/et_pb_text][et_pb_text _builder_version=\u00a0\u00bb4.20.0&Prime; _module_preset=\u00a0\u00bb1f09816e-184e-4ce5-a4cf-b39c52c423ca\u00a0\u00bb text_font=\u00a0\u00bbInter||||||||\u00a0\u00bb text_text_color=\u00a0\u00bb#22434A\u00a0\u00bb text_font_size=\u00a0\u00bb18px\u00a0\u00bb text_line_height=\u00a0\u00bb1.8em\u00a0\u00bb text_font_size_tablet=\u00a0\u00bb16px\u00a0\u00bb text_font_size_phone=\u00a0\u00bb14px\u00a0\u00bb text_font_size_last_edited=\u00a0\u00bbon|tablet\u00a0\u00bb header_font_size_tablet=\u00a0\u00bb55px\u00a0\u00bb header_font_size_last_edited=\u00a0\u00bboff|desktop\u00a0\u00bb global_colors_info=\u00a0\u00bb{}\u00a0\u00bb]<\/p>\n<p>Les fascias (aussi appel\u00e9 tissus conjonctifs) repr\u00e9sentent l\u2019ensemble des tissus qui enveloppent la majorit\u00e9 des structures du corps: muscles, nerf, os, vaisseaux sanguins. Les fascias s\u00e9parent et en m\u00eame temps connectent toutes ces structures entre elles. Au niveau musculaire, chaque fibre est envelopp\u00e9e par des fascias.<\/p>\n<p>Les fascias \u00ab traversent \u00bb le muscle comme une toile d\u2019araign\u00e9e et se rejoignent \u00e0 l\u2019extr\u00e9mit\u00e9 pour former les tendons qui attachent le muscle \u00e0 l\u2019os. La structure qui relie l\u2019os au tendon qu\u2019on appelle le p\u00e9rioste est aussi une forme de fascia, comme le sont les ligaments qui connectent les os entre eux.<\/p>\n<p>Muscles et fascias forment un tout. La qualit\u00e9 des fascias a une grande influence sur l\u2019apparence g\u00e9n\u00e9rale du corps. Des fascias de bonne qualit\u00e9 (homog\u00e8nes, souples, sans adh\u00e9rences) donnent imm\u00e9diatement un coup de jeune \u00e0 l\u2019enveloppe corporelle.<\/p>\n<p><u>De quoi sont-ils compos\u00e9s ?<\/u><\/p>\n<p>Les fascias sont essentiellement compos\u00e9s d\u2019eau, de deux sortes de prot\u00e9ines appel\u00e9es collag\u00e8ne et \u00e9lastine, et de prot\u00e9oglycanes, qui sont un assemblage complexe de prot\u00e9ines et de glucides :<\/p>\n<p>L\u2019eau repr\u00e9sente plus de 60 % du poids des fascias et des muscles.<\/p>\n<p>Le collag\u00e8ne est une prot\u00e9ine extr\u00eamement solide.<\/p>\n<p>L\u2019\u00e9lastine est \u00e0 la fois solide mais \u00e9lastique c\u2019est-\u00e0-dire qu\u2019elle est capable d\u2019\u00eatre \u00e9tir\u00e9e et de reprendre sa forme originelle apr\u00e8s l\u2019\u00e9tirement.<\/p>\n<p>Les prot\u00e9oglycanes sont des sortes d\u2019\u00e9ponges, des structures qui gardent l\u2019eau dans les fascias les maintenant souples. (La glucosamine et la chondro\u00eftine contenues dans certains compl\u00e9ments alimentaires destin\u00e9s \u00e0 soulager les douleurs d\u2019arthrose sont des prot\u00e9oglycanes.)<\/p>\n<p>Si vous n\u2019avez pas suffisamment d\u2019eau dans vos tissus, pas suffisamment de prot\u00e9oglycanes, si les structures de collag\u00e8ne et d\u2019\u00e9lastine sont mal align\u00e9es ou pr\u00e9sentes en trop grande quantit\u00e9, vos fascias ne sont pas en bonne sant\u00e9.<\/p>\n<p>Des fascias en bonne sant\u00e9 sont textur\u00e9s comme du gel, humide, moelleux, glissant, et retenant l\u2019eau comme une \u00e9ponge. Ainsi plus la concentration en eau est importante, plus les fascias auront une texture g\u00e9latineuse.<\/p>\n<p>[\/et_pb_text][\/et_pb_column][et_pb_column type=\u00a0\u00bb1_3&Prime; _builder_version=\u00a0\u00bb4.17.1&Prime; _module_preset=\u00a0\u00bbdefault\u00a0\u00bb global_colors_info=\u00a0\u00bb{}\u00a0\u00bb][et_pb_image src=\u00a0\u00bbhttps:\/\/samira-therapies.fr\/wp-content\/uploads\/2023\/02\/istockphoto-846074744-612&#215;612-1.jpg\u00a0\u00bb alt=\u00a0\u00bbImage Fasciath\u00e9rapie\u00a0\u00bb title_text=\u00a0\u00bb3D illustration, neck painful &#8211; cervical spine skeleton x-ray, medical concept.\u00a0\u00bb show_bottom_space=\u00a0\u00bboff\u00a0\u00bb align=\u00a0\u00bbcenter\u00a0\u00bb _builder_version=\u00a0\u00bb4.19.5&Prime; _module_preset=\u00a0\u00bbdefault\u00a0\u00bb z_index=\u00a0\u00bb1&Prime; width=\u00a0\u00bb100%\u00a0\u00bb border_radii=\u00a0\u00bboff|400px|400px||\u00a0\u00bb locked=\u00a0\u00bboff\u00a0\u00bb global_colors_info=\u00a0\u00bb{}\u00a0\u00bb][\/et_pb_image][et_pb_image src=\u00a0\u00bbhttps:\/\/samira-therapies.fr\/wp-content\/uploads\/2023\/01\/therapy-27.png\u00a0\u00bb title_text=\u00a0\u00bbtherapy 27&Prime; align=\u00a0\u00bbright\u00a0\u00bb _builder_version=\u00a0\u00bb4.17.3&Prime; _module_preset=\u00a0\u00bbdefault\u00a0\u00bb positioning=\u00a0\u00bbabsolute\u00a0\u00bb position_origin_a=\u00a0\u00bbtop_right\u00a0\u00bb width=\u00a0\u00bb50%\u00a0\u00bb custom_margin=\u00a0\u00bb||||false|false\u00a0\u00bb global_colors_info=\u00a0\u00bb{}\u00a0\u00bb][\/et_pb_image][et_pb_divider show_divider=\u00a0\u00bboff\u00a0\u00bb _builder_version=\u00a0\u00bb4.17.3&Prime; _module_preset=\u00a0\u00bbdefault\u00a0\u00bb background_color=\u00a0\u00bb#2E5B61&Prime; positioning=\u00a0\u00bbabsolute\u00a0\u00bb position_origin_a=\u00a0\u00bbbottom_left\u00a0\u00bb width=\u00a0\u00bb120px\u00a0\u00bb width_tablet=\u00a0\u00bb20vw\u00a0\u00bb width_phone=\u00a0\u00bb20vw\u00a0\u00bb width_last_edited=\u00a0\u00bbon|tablet\u00a0\u00bb height=\u00a0\u00bb120px\u00a0\u00bb height_tablet=\u00a0\u00bb20vw\u00a0\u00bb height_phone=\u00a0\u00bb20vw\u00a0\u00bb height_last_edited=\u00a0\u00bbon|tablet\u00a0\u00bb custom_margin=\u00a0\u00bb||-15%||false|false\u00a0\u00bb custom_margin_tablet=\u00a0\u00bb||-15%||false|false\u00a0\u00bb custom_margin_phone=\u00a0\u00bb||-15%||false|false\u00a0\u00bb custom_margin_last_edited=\u00a0\u00bbon|tablet\u00a0\u00bb border_radii=\u00a0\u00bbon|200px|200px|200px|200px\u00a0\u00bb locked=\u00a0\u00bboff\u00a0\u00bb global_colors_info=\u00a0\u00bb{}\u00a0\u00bb][\/et_pb_divider][\/et_pb_column][\/et_pb_row][et_pb_row _builder_version=\u00a0\u00bb4.20.2&Prime; _module_preset=\u00a0\u00bbdefault\u00a0\u00bb][et_pb_column _builder_version=\u00a0\u00bb4.20.2&Prime; _module_preset=\u00a0\u00bbdefault\u00a0\u00bb type=\u00a0\u00bb4_4&Prime;][et_pb_divider _builder_version=\u00a0\u00bb4.20.2&Prime; _module_preset=\u00a0\u00bbdefault\u00a0\u00bb hover_enabled=\u00a0\u00bb0&Prime; sticky_enabled=\u00a0\u00bb0&Prime;][\/et_pb_divider][\/et_pb_column][\/et_pb_row][\/et_pb_section][et_pb_section fb_built=\u00a0\u00bb1&Prime; admin_label=\u00a0\u00bbFeature\u00a0\u00bb _builder_version=\u00a0\u00bb4.17.3&Prime; _module_preset=\u00a0\u00bbdefault\u00a0\u00bb collapsed=\u00a0\u00bbon\u00a0\u00bb global_colors_info=\u00a0\u00bb{}\u00a0\u00bb][et_pb_row column_structure=\u00a0\u00bb1_2,1_2&Prime; _builder_version=\u00a0\u00bb4.17.3&Prime; _module_preset=\u00a0\u00bbdefault\u00a0\u00bb global_colors_info=\u00a0\u00bb{}\u00a0\u00bb][et_pb_column type=\u00a0\u00bb1_2&Prime; _builder_version=\u00a0\u00bb4.17.3&Prime; _module_preset=\u00a0\u00bbdefault\u00a0\u00bb global_colors_info=\u00a0\u00bb{}\u00a0\u00bb][et_pb_image src=\u00a0\u00bbhttps:\/\/samira-therapies.fr\/wp-content\/uploads\/2023\/02\/istockphoto-860772398-612&#215;612-1.jpg\u00a0\u00bb alt=\u00a0\u00bbImage Fasciath\u00e9rapie \u00a0\u00bb title_text=\u00a0\u00bb3D illustration of Scapula &#8211; Part of Human Skeleton.\u00a0\u00bb _builder_version=\u00a0\u00bb4.19.5&Prime; _module_preset=\u00a0\u00bbdefault\u00a0\u00bb width=\u00a0\u00bb121.5%\u00a0\u00bb custom_margin=\u00a0\u00bb|||-5vw|false|false\u00a0\u00bb custom_padding=\u00a0\u00bb|2px||0px||\u00a0\u00bb border_radii=\u00a0\u00bboff||600px||\u00a0\u00bb global_colors_info=\u00a0\u00bb{}\u00a0\u00bb][\/et_pb_image][\/et_pb_column][et_pb_column type=\u00a0\u00bb1_2&Prime; _builder_version=\u00a0\u00bb4.20.0&Prime; _module_preset=\u00a0\u00bbdefault\u00a0\u00bb global_colors_info=\u00a0\u00bb{}\u00a0\u00bb][et_pb_text _builder_version=\u00a0\u00bb4.19.5&Prime; _module_preset=\u00a0\u00bb1f09816e-184e-4ce5-a4cf-b39c52c423ca\u00a0\u00bb text_font=\u00a0\u00bbInter||||||||\u00a0\u00bb text_text_color=\u00a0\u00bb#22434A\u00a0\u00bb text_font_size=\u00a0\u00bb18px\u00a0\u00bb text_line_height=\u00a0\u00bb1.8em\u00a0\u00bb header_font=\u00a0\u00bbActor||||||||\u00a0\u00bb custom_padding=\u00a0\u00bb0px||||false|false\u00a0\u00bb text_font_size_tablet=\u00a0\u00bb16px\u00a0\u00bb text_font_size_phone=\u00a0\u00bb14px\u00a0\u00bb text_font_size_last_edited=\u00a0\u00bbon|tablet\u00a0\u00bb header_font_size_tablet=\u00a0\u00bb55px\u00a0\u00bb header_font_size_last_edited=\u00a0\u00bboff|desktop\u00a0\u00bb global_colors_info=\u00a0\u00bb{}\u00a0\u00bb custom_margin=\u00a0\u00bb4px|||||\u00a0\u00bb]<\/p>\n<p>La Fasciath\u00e9rapie, comme son nom l&rsquo;indique, porte son action th\u00e9rapeutique sur les fascias. Comme une v\u00e9ritable toile d\u2019araign\u00e9e, le fascia relie la t\u00eate aux pieds, le superficiel et le profond. Ils offrent au corps une unit\u00e9 anatomique et fonctionnelle.<\/p>\n<p>Par des mouvements\u00a0\u00a0de glissement des diff\u00e9rentes couches tissulaires, et des points d\u2019appui, le fasciath\u00e9rapeute redonne au fascia sa mobilit\u00e9, son tonus, son \u00e9lasticit\u00e9 et sa\u00a0capacit\u00e9 adaptative.<\/p>\n<p><span>En stimulant manuellement les fascias, la fasciath\u00e9rapie se donne pour but de r\u00e9tablir leur \u00e9quilibre et leur \u00e9lasticit\u00e9. Le but est, d\u00e8s lors, de redonner de la mobilit\u00e9 l\u00e0 o\u00f9 il n\u2019y en a plus, de favoriser un mouvement d\u2019autor\u00e9gulation du corps qui relance la vitalit\u00e9. Lorsque le mouvement r\u00e9apparait, r\u00e9apparait \u00e9galement la sensorialit\u00e9 et la perception. Les tissus retrouvent leur mobilit\u00e9, la personne recouvre ses fonctions et son \u00e9tat de bien-\u00eatre dans une certaine fluidit\u00e9.<\/span><\/p>\n<p>[\/et_pb_text][\/et_pb_column][\/et_pb_row][et_pb_row _builder_version=\u00a0\u00bb4.20.2&Prime; _module_preset=\u00a0\u00bbdefault\u00a0\u00bb][et_pb_column _builder_version=\u00a0\u00bb4.20.2&Prime; _module_preset=\u00a0\u00bbdefault\u00a0\u00bb type=\u00a0\u00bb4_4&Prime;][et_pb_divider _builder_version=\u00a0\u00bb4.20.2&Prime; _module_preset=\u00a0\u00bbdefault\u00a0\u00bb hover_enabled=\u00a0\u00bb0&Prime; sticky_enabled=\u00a0\u00bb0&Prime;][\/et_pb_divider][\/et_pb_column][\/et_pb_row][et_pb_row column_structure=\u00a0\u00bb1_2,1_2&Prime; _builder_version=\u00a0\u00bb4.19.5&Prime; _module_preset=\u00a0\u00bbdefault\u00a0\u00bb global_colors_info=\u00a0\u00bb{}\u00a0\u00bb][et_pb_column type=\u00a0\u00bb1_2&Prime; _builder_version=\u00a0\u00bb4.19.5&Prime; _module_preset=\u00a0\u00bbdefault\u00a0\u00bb global_colors_info=\u00a0\u00bb{}\u00a0\u00bb][et_pb_image src=\u00a0\u00bbhttps:\/\/samira-therapies.fr\/wp-content\/uploads\/2023\/01\/pexels-photo-4506113.jpeg\u00a0\u00bb alt=\u00a0\u00bbImage Samira th\u00e9rapies\u00a0\u00bb title_text=\u00a0\u00bbpexels-photo-4506113&Prime; _builder_version=\u00a0\u00bb4.19.5&Prime; _module_preset=\u00a0\u00bbdefault\u00a0\u00bb min_height=\u00a0\u00bb513.3px\u00a0\u00bb custom_margin=\u00a0\u00bb26px|||||\u00a0\u00bb custom_padding=\u00a0\u00bb|6px|0px|0px||\u00a0\u00bb global_colors_info=\u00a0\u00bb{}\u00a0\u00bb][\/et_pb_image][\/et_pb_column][et_pb_column type=\u00a0\u00bb1_2&Prime; _builder_version=\u00a0\u00bb4.20.0&Prime; _module_preset=\u00a0\u00bbdefault\u00a0\u00bb global_colors_info=\u00a0\u00bb{}\u00a0\u00bb][et_pb_blurb _builder_version=\u00a0\u00bb4.20.2&Prime; _module_preset=\u00a0\u00bbdefault\u00a0\u00bb header_font=\u00a0\u00bbAboreto|700|||||||\u00a0\u00bb header_text_align=\u00a0\u00bbcenter\u00a0\u00bb header_text_color=\u00a0\u00bb#F28482&Prime; header_font_size=\u00a0\u00bb22px\u00a0\u00bb body_font=\u00a0\u00bbInter||||||||\u00a0\u00bb body_text_align=\u00a0\u00bbleft\u00a0\u00bb body_text_color=\u00a0\u00bb#000000&Prime; body_font_size=\u00a0\u00bb18px\u00a0\u00bb body_line_height=\u00a0\u00bb1.8em\u00a0\u00bb custom_margin=\u00a0\u00bb78px|||-5px|false|false\u00a0\u00bb custom_padding=\u00a0\u00bb4px|0px|4px|||\u00a0\u00bb hover_enabled=\u00a0\u00bb0&Prime; global_colors_info=\u00a0\u00bb{}\u00a0\u00bb sticky_enabled=\u00a0\u00bb0&Prime; min_height=\u00a0\u00bb620.4px\u00a0\u00bb]<\/p>\n<p>La fasciath\u00e9rapie s\u2019adresse \u00e0 tous les \u00e2ges. Elle est indiqu\u00e9e en particulier pour\u00a0:<\/p>\n<p>o\u00a0\u00a0\u00a0\u00a0les\u00a0personnes anxieuses, en situation de stress, de fatigue, de burn-out, etc.<\/p>\n<p>o\u00a0\u00a0\u00a0\u00a0les\u00a0douleurs musculosquelettiques chroniques\u00a0(arthrose, lombalgies, cervicalgies, fibromyalgie) ou\u00a0aigu\u00ebs\u00a0(lumbagos, sciatiques, les cruralgies, les torticolis, les tendinopathies, entorses, pathologies musculaires, s\u00e9quelles post chirurgicales).<\/p>\n<p>o\u00a0\u00a0\u00a0\u00a0les\u00a0pathologies de la sph\u00e8re cr\u00e2nienne\u00a0: c\u00e9phal\u00e9es, migraines, n\u00e9vralgies d\u2019Arnold ou du trijumeau, acouph\u00e8nes.<\/p>\n<p>o\u00a0\u00a0\u00a0\u00a0les\u00a0pathologies de la sph\u00e8re abdominale et uro-gyn\u00e9cologiques\u00a0: troubles du transit, syndrome du c\u00f4lon irritable, n\u00e9vralgies pudendales, r\u00e8gles douloureuses.<\/p>\n<p>o\u00a0\u00a0\u00a0\u00a0les\u00a0soins de support\u00a0: accompagnement pendant les p\u00e9riodes de chimioth\u00e9rapie\u2026<\/p>\n<p>[\/et_pb_blurb][\/et_pb_column][\/et_pb_row][\/et_pb_section][et_pb_section fb_built=\u00a0\u00bb1&Prime; _builder_version=\u00a0\u00bb4.19.5&Prime; _module_preset=\u00a0\u00bbdefault\u00a0\u00bb global_colors_info=\u00a0\u00bb{}\u00a0\u00bb][et_pb_row _builder_version=\u00a0\u00bb4.19.5&Prime; _module_preset=\u00a0\u00bbdefault\u00a0\u00bb global_colors_info=\u00a0\u00bb{}\u00a0\u00bb][et_pb_column type=\u00a0\u00bb4_4&Prime; _builder_version=\u00a0\u00bb4.19.5&Prime; _module_preset=\u00a0\u00bbdefault\u00a0\u00bb global_colors_info=\u00a0\u00bb{}\u00a0\u00bb][et_pb_video src=\u00a0\u00bbhttps:\/\/www.youtube.com\/watch?v=eNi9U3h2-YI&#038;feature=youtu.be&#038;ab_channel=jean-michelvergnes\u00a0\u00bb _builder_version=\u00a0\u00bb4.19.5&Prime; _module_preset=\u00a0\u00bbdefault\u00a0\u00bb global_colors_info=\u00a0\u00bb{}\u00a0\u00bb][\/et_pb_video][\/et_pb_column][\/et_pb_row][\/et_pb_section]<\/p>\n","protected":false},"excerpt":{"rendered":"<p>La Fasciath\u00e9rapiePrenez rendez-vous en ligne d\u00e8s maintenantLes Fascias ?Les fascias (aussi appel\u00e9 tissus conjonctifs) repr\u00e9sentent l\u2019ensemble des tissus qui enveloppent la majorit\u00e9 des structures du corps: muscles, nerf, os, vaisseaux sanguins. Les fascias s\u00e9parent et en m\u00eame temps connectent toutes ces structures entre elles. Au niveau musculaire, chaque fibre est envelopp\u00e9e par des fascias. Les [&hellip;]<\/p>\n","protected":false},"author":1,"featured_media":0,"parent":0,"menu_order":0,"comment_status":"closed","ping_status":"closed","template":"","meta":{"_et_pb_use_builder":"on","_et_pb_old_content":"","_et_gb_content_width":"","footnotes":""},"class_list":["post-277586","page","type-page","status-publish","hentry"],"_links":{"self":[{"href":"https:\/\/samira-therapies.fr\/index.php?rest_route=\/wp\/v2\/pages\/277586","targetHints":{"allow":["GET"]}}],"collection":[{"href":"https:\/\/samira-therapies.fr\/index.php?rest_route=\/wp\/v2\/pages"}],"about":[{"href":"https:\/\/samira-therapies.fr\/index.php?rest_route=\/wp\/v2\/types\/page"}],"author":[{"embeddable":true,"href":"https:\/\/samira-therapies.fr\/index.php?rest_route=\/wp\/v2\/users\/1"}],"replies":[{"embeddable":true,"href":"https:\/\/samira-therapies.fr\/index.php?rest_route=%2Fwp%2Fv2%2Fcomments&post=277586"}],"version-history":[{"count":25,"href":"https:\/\/samira-therapies.fr\/index.php?rest_route=\/wp\/v2\/pages\/277586\/revisions"}],"predecessor-version":[{"id":277771,"href":"https:\/\/samira-therapies.fr\/index.php?rest_route=\/wp\/v2\/pages\/277586\/revisions\/277771"}],"wp:attachment":[{"href":"https:\/\/samira-therapies.fr\/index.php?rest_route=%2Fwp%2Fv2%2Fmedia&parent=277586"}],"curies":[{"name":"wp","href":"https:\/\/api.w.org\/{rel}","templated":true}]}}